{"id":103,"date":"2016-05-14T09:18:06","date_gmt":"2016-05-14T08:18:06","guid":{"rendered":"http:\/\/lesentierdelamour.be\/?page_id=103"},"modified":"2016-05-14T09:18:18","modified_gmt":"2016-05-14T08:18:18","slug":"quelques-mots-damour","status":"publish","type":"page","link":"https:\/\/lesentierdelamour.be\/index.php\/nos-oeuvres\/quelques-mots-damour\/","title":{"rendered":"Quelques mots d&rsquo;amour"},"content":{"rendered":"<p><img decoding=\"async\" loading=\"lazy\" class=\"size-medium wp-image-105 alignright\" src=\"http:\/\/lesentierdelamour.be\/wp-content\/uploads\/2016\/05\/capri-web-300x212.jpg\" alt=\"capri web\" width=\"300\" height=\"212\" srcset=\"https:\/\/lesentierdelamour.be\/wp-content\/uploads\/2016\/05\/capri-web-300x212.jpg 300w, https:\/\/lesentierdelamour.be\/wp-content\/uploads\/2016\/05\/capri-web.jpg 448w\" sizes=\"(max-width: 300px) 100vw, 300px\" \/>La chanson est un moyen d\u2019expression qui permet de faire passer une multitude de messages par de simples paroles accompagn\u00e9es d\u2019une m\u00e9lodie. Chanter permet de s\u2019exprimer, de dire tout ce que l\u2019on a sur le c\u0153ur. Pour se faire, il nous a fallu trouver un moyen de retranscrire des paroles de chansons tout en proposant une certaine r\u00e9flexion.<\/p>\n<p>Nous avons choisi de cr\u00e9er une s\u00e9rie de r\u00e9bus sur le th\u00e8me de la chanson d\u2019amour en cherchant \u00e0 faire deviner des paroles embl\u00e9matiques de la chanson populaire.<\/p>\n<p>R\u00e9mi Vandevivere et Astrid Swine<\/p>\n<p><img decoding=\"async\" loading=\"lazy\" class=\"size-medium wp-image-104\" src=\"http:\/\/lesentierdelamour.be\/wp-content\/uploads\/2016\/05\/astrid-web-300x169.jpg\" alt=\"????????????????\" width=\"300\" height=\"169\" srcset=\"https:\/\/lesentierdelamour.be\/wp-content\/uploads\/2016\/05\/astrid-web-300x169.jpg 300w, https:\/\/lesentierdelamour.be\/wp-content\/uploads\/2016\/05\/astrid-web.jpg 448w\" sizes=\"(max-width: 300px) 100vw, 300px\" \/><\/p>\n<p><img decoding=\"async\" loading=\"lazy\" class=\"size-medium wp-image-106\" src=\"http:\/\/lesentierdelamour.be\/wp-content\/uploads\/2016\/05\/r\u00e9mi-web-300x169.jpg\" alt=\"????????????????\" width=\"300\" height=\"169\" srcset=\"https:\/\/lesentierdelamour.be\/wp-content\/uploads\/2016\/05\/r\u00e9mi-web-300x169.jpg 300w, https:\/\/lesentierdelamour.be\/wp-content\/uploads\/2016\/05\/r\u00e9mi-web.jpg 448w\" sizes=\"(max-width: 300px) 100vw, 300px\" \/><\/p>\n","protected":false},"excerpt":{"rendered":"<p>La chanson est un moyen d\u2019expression qui permet de faire passer une multitude de messages par de simples paroles accompagn\u00e9es d\u2019une m\u00e9lodie. Chanter permet de s\u2019exprimer, de dire tout ce que l\u2019on a sur le c\u0153ur. Pour se faire, il nous a fallu trouver un moyen de retranscrire des paroles<a href=\"https:\/\/lesentierdelamour.be\/index.php\/nos-oeuvres\/quelques-mots-damour\/\" class=\"read-more\">Read More<\/a><\/p>\n","protected":false},"author":1,"featured_media":0,"parent":7,"menu_order":0,"comment_status":"closed","ping_status":"closed","template":"","meta":[],"_links":{"self":[{"href":"https:\/\/lesentierdelamour.be\/index.php\/wp-json\/wp\/v2\/pages\/103"}],"collection":[{"href":"https:\/\/lesentierdelamour.be\/index.php\/wp-json\/wp\/v2\/pages"}],"about":[{"href":"https:\/\/lesentierdelamour.be\/index.php\/wp-json\/wp\/v2\/types\/page"}],"author":[{"embeddable":true,"href":"https:\/\/lesentierdelamour.be\/index.php\/wp-json\/wp\/v2\/users\/1"}],"replies":[{"embeddable":true,"href":"https:\/\/lesentierdelamour.be\/index.php\/wp-json\/wp\/v2\/comments?post=103"}],"version-history":[{"count":1,"href":"https:\/\/lesentierdelamour.be\/index.php\/wp-json\/wp\/v2\/pages\/103\/revisions"}],"predecessor-version":[{"id":108,"href":"https:\/\/lesentierdelamour.be\/index.php\/wp-json\/wp\/v2\/pages\/103\/revisions\/108"}],"up":[{"embeddable":true,"href":"https:\/\/lesentierdelamour.be\/index.php\/wp-json\/wp\/v2\/pages\/7"}],"wp:attachment":[{"href":"https:\/\/lesentierdelamour.be\/index.php\/wp-json\/wp\/v2\/media?parent=103"}],"curies":[{"name":"wp","href":"https:\/\/api.w.org\/{rel}","templated":true}]}}