{"id":116,"date":"2016-05-14T11:23:37","date_gmt":"2016-05-14T10:23:37","guid":{"rendered":"http:\/\/lesentierdelamour.be\/?page_id=116"},"modified":"2016-05-14T11:23:37","modified_gmt":"2016-05-14T10:23:37","slug":"voir-couple-a-linfini","status":"publish","type":"page","link":"https:\/\/lesentierdelamour.be\/index.php\/nos-oeuvres\/voir-couple-a-linfini\/","title":{"rendered":"Voir son couple \u00e0 l&rsquo;infini"},"content":{"rendered":"<p>Nous avons choisi de nous baser sur une histoire amoureuse mythologique\u00a0:\u00a0entre Psych\u00e9 et Cupidon.<\/p>\n<p><img decoding=\"async\" loading=\"lazy\" class=\"size-medium wp-image-118 alignright\" src=\"http:\/\/lesentierdelamour.be\/wp-content\/uploads\/2016\/05\/miroir-web-300x212.jpg\" alt=\"miroir web\" width=\"300\" height=\"212\" srcset=\"https:\/\/lesentierdelamour.be\/wp-content\/uploads\/2016\/05\/miroir-web-300x212.jpg 300w, https:\/\/lesentierdelamour.be\/wp-content\/uploads\/2016\/05\/miroir-web.jpg 448w\" sizes=\"(max-width: 300px) 100vw, 300px\" \/><\/p>\n<p>Ce mythe raconte le d\u00e9but de leur amour, la trahison de Psych\u00e9 et sa tentative de reconqu\u00e9rir son amant. Le fait que ces amants se voient uniquement la nuit dans une compl\u00e8te obscurit\u00e9, nous a port\u00e9 vers la notion de l\u2019intimit\u00e9. Notre volont\u00e9 a \u00e9t\u00e9 de leur donner la possibilit\u00e9 de se cacher. Pour se faire, nous avons opt\u00e9 pour une structure qui englobe et fait office de barri\u00e8re, ce qui conf\u00e8re un sentiment de protection. Gr\u00e2ce \u00e0 elle, la partie sup\u00e9rieure du couple est invisible de l&rsquo;ext\u00e9rieur. Les panneaux en inox miroir constituant les parois, refl\u00e8tent l\u2019image des amants les mettant en valeur et au centre de sa vision. Ainsi le couple se per\u00e7oit dissoci\u00e9 et \u00e9prouve une plus grande libert\u00e9 dans l\u2019expression de leur amour.<\/p>\n<p>Alexis Maria, Romain Fournier et Cl\u00e9ment Lequeux.<\/p>\n<p><img decoding=\"async\" loading=\"lazy\" class=\"alignnone size-medium wp-image-117\" src=\"http:\/\/lesentierdelamour.be\/wp-content\/uploads\/2016\/05\/alexis-romain-cl\u00e9ment-web-300x200.jpg\" alt=\"alexis romain cl\u00e9ment web\" width=\"300\" height=\"200\" srcset=\"https:\/\/lesentierdelamour.be\/wp-content\/uploads\/2016\/05\/alexis-romain-cl\u00e9ment-web-300x200.jpg 300w, https:\/\/lesentierdelamour.be\/wp-content\/uploads\/2016\/05\/alexis-romain-cl\u00e9ment-web.jpg 448w\" sizes=\"(max-width: 300px) 100vw, 300px\" \/><\/p>\n","protected":false},"excerpt":{"rendered":"<p>Nous avons choisi de nous baser sur une histoire amoureuse mythologique\u00a0:\u00a0entre Psych\u00e9 et Cupidon. Ce mythe raconte le d\u00e9but de leur amour, la trahison de Psych\u00e9 et sa tentative de reconqu\u00e9rir son amant. Le fait que ces amants se voient uniquement la nuit dans une compl\u00e8te obscurit\u00e9, nous a port\u00e9<a href=\"https:\/\/lesentierdelamour.be\/index.php\/nos-oeuvres\/voir-couple-a-linfini\/\" class=\"read-more\">Read More<\/a><\/p>\n","protected":false},"author":1,"featured_media":0,"parent":7,"menu_order":0,"comment_status":"closed","ping_status":"closed","template":"","meta":[],"_links":{"self":[{"href":"https:\/\/lesentierdelamour.be\/index.php\/wp-json\/wp\/v2\/pages\/116"}],"collection":[{"href":"https:\/\/lesentierdelamour.be\/index.php\/wp-json\/wp\/v2\/pages"}],"about":[{"href":"https:\/\/lesentierdelamour.be\/index.php\/wp-json\/wp\/v2\/types\/page"}],"author":[{"embeddable":true,"href":"https:\/\/lesentierdelamour.be\/index.php\/wp-json\/wp\/v2\/users\/1"}],"replies":[{"embeddable":true,"href":"https:\/\/lesentierdelamour.be\/index.php\/wp-json\/wp\/v2\/comments?post=116"}],"version-history":[{"count":1,"href":"https:\/\/lesentierdelamour.be\/index.php\/wp-json\/wp\/v2\/pages\/116\/revisions"}],"predecessor-version":[{"id":119,"href":"https:\/\/lesentierdelamour.be\/index.php\/wp-json\/wp\/v2\/pages\/116\/revisions\/119"}],"up":[{"embeddable":true,"href":"https:\/\/lesentierdelamour.be\/index.php\/wp-json\/wp\/v2\/pages\/7"}],"wp:attachment":[{"href":"https:\/\/lesentierdelamour.be\/index.php\/wp-json\/wp\/v2\/media?parent=116"}],"curies":[{"name":"wp","href":"https:\/\/api.w.org\/{rel}","templated":true}]}}