{"id":120,"date":"2016-05-14T12:01:20","date_gmt":"2016-05-14T11:01:20","guid":{"rendered":"http:\/\/lesentierdelamour.be\/?page_id=120"},"modified":"2016-05-14T12:01:20","modified_gmt":"2016-05-14T11:01:20","slug":"amants-de-magritte","status":"publish","type":"page","link":"https:\/\/lesentierdelamour.be\/index.php\/nos-oeuvres\/amants-de-magritte\/","title":{"rendered":"Les Amants de Magritte"},"content":{"rendered":"<p><img decoding=\"async\" loading=\"lazy\" class=\"size-medium wp-image-122 alignleft\" src=\"http:\/\/lesentierdelamour.be\/wp-content\/uploads\/2016\/05\/amant-web-300x212.jpg\" alt=\"amant web\" width=\"300\" height=\"212\" srcset=\"https:\/\/lesentierdelamour.be\/wp-content\/uploads\/2016\/05\/amant-web-300x212.jpg 300w, https:\/\/lesentierdelamour.be\/wp-content\/uploads\/2016\/05\/amant-web.jpg 448w\" sizes=\"(max-width: 300px) 100vw, 300px\" \/>Le th\u00e8me est celui de l\u2019amour interdit , cach\u00e9 des autres mais pr\u00e9sent pour les amoureux ! On ne peux pas voir le visage de ces amoureux , mais ils voient le monde \u00e0 travers ce qui les cache. \u00a0Notre structure cache le visage des amoureux mais les laissent voir le monde ext\u00e9rieur.<\/p>\n<p>&nbsp;<\/p>\n<p>&nbsp;<\/p>\n<p>&nbsp;<\/p>\n<p>Mathilde Eliasz et Aur\u00e9lien D\u2019Agnano et Cl\u00e9ment Lascombes<img decoding=\"async\" loading=\"lazy\" class=\"alignnone size-medium wp-image-123\" src=\"http:\/\/lesentierdelamour.be\/wp-content\/uploads\/2016\/05\/mathilde-aur\u00e9lien-cl\u00e9ment-web-300x200.jpg\" alt=\"mathilde aur\u00e9lien cl\u00e9ment web\" width=\"300\" height=\"200\" srcset=\"https:\/\/lesentierdelamour.be\/wp-content\/uploads\/2016\/05\/mathilde-aur\u00e9lien-cl\u00e9ment-web-300x200.jpg 300w, https:\/\/lesentierdelamour.be\/wp-content\/uploads\/2016\/05\/mathilde-aur\u00e9lien-cl\u00e9ment-web.jpg 448w\" sizes=\"(max-width: 300px) 100vw, 300px\" \/><\/p>\n","protected":false},"excerpt":{"rendered":"<p>Le th\u00e8me est celui de l\u2019amour interdit , cach\u00e9 des autres mais pr\u00e9sent pour les amoureux ! On ne peux pas voir le visage de ces amoureux , mais ils voient le monde \u00e0 travers ce qui les cache. \u00a0Notre structure cache le visage des amoureux mais les laissent voir<a href=\"https:\/\/lesentierdelamour.be\/index.php\/nos-oeuvres\/amants-de-magritte\/\" class=\"read-more\">Read More<\/a><\/p>\n","protected":false},"author":1,"featured_media":0,"parent":7,"menu_order":0,"comment_status":"closed","ping_status":"closed","template":"","meta":[],"_links":{"self":[{"href":"https:\/\/lesentierdelamour.be\/index.php\/wp-json\/wp\/v2\/pages\/120"}],"collection":[{"href":"https:\/\/lesentierdelamour.be\/index.php\/wp-json\/wp\/v2\/pages"}],"about":[{"href":"https:\/\/lesentierdelamour.be\/index.php\/wp-json\/wp\/v2\/types\/page"}],"author":[{"embeddable":true,"href":"https:\/\/lesentierdelamour.be\/index.php\/wp-json\/wp\/v2\/users\/1"}],"replies":[{"embeddable":true,"href":"https:\/\/lesentierdelamour.be\/index.php\/wp-json\/wp\/v2\/comments?post=120"}],"version-history":[{"count":2,"href":"https:\/\/lesentierdelamour.be\/index.php\/wp-json\/wp\/v2\/pages\/120\/revisions"}],"predecessor-version":[{"id":124,"href":"https:\/\/lesentierdelamour.be\/index.php\/wp-json\/wp\/v2\/pages\/120\/revisions\/124"}],"up":[{"embeddable":true,"href":"https:\/\/lesentierdelamour.be\/index.php\/wp-json\/wp\/v2\/pages\/7"}],"wp:attachment":[{"href":"https:\/\/lesentierdelamour.be\/index.php\/wp-json\/wp\/v2\/media?parent=120"}],"curies":[{"name":"wp","href":"https:\/\/api.w.org\/{rel}","templated":true}]}}