{"id":134,"date":"2016-05-14T12:36:35","date_gmt":"2016-05-14T11:36:35","guid":{"rendered":"http:\/\/lesentierdelamour.be\/?page_id=134"},"modified":"2016-05-14T12:36:35","modified_gmt":"2016-05-14T11:36:35","slug":"duetto","status":"publish","type":"page","link":"https:\/\/lesentierdelamour.be\/index.php\/nos-oeuvres\/duetto\/","title":{"rendered":"Duetto"},"content":{"rendered":"<p><img decoding=\"async\" loading=\"lazy\" class=\"size-medium wp-image-136 alignright\" src=\"http:\/\/lesentierdelamour.be\/wp-content\/uploads\/2016\/05\/duetto-web-200x300.jpg\" alt=\"duetto web\" width=\"200\" height=\"300\" srcset=\"https:\/\/lesentierdelamour.be\/wp-content\/uploads\/2016\/05\/duetto-web-200x300.jpg 200w, https:\/\/lesentierdelamour.be\/wp-content\/uploads\/2016\/05\/duetto-web.jpg 299w\" sizes=\"(max-width: 200px) 100vw, 200px\" \/>\u00ab Le duetto \u00bb , le duo en fran\u00e7ais, est une mani\u00e8re de d\u00e9clarer votre flamme \u00e0 la personne de votre c\u0153ur. Inspir\u00e9s du balcon de Rom\u00e9o et Juliette, les deux lutrins vous permettent de jouer la com\u00e9die avec ces textes connus de tous ou de simplement laisser libre cours \u00e0 votre imagination.<\/p>\n<p>&nbsp;<\/p>\n<p>&nbsp;<\/p>\n<p>&nbsp;<\/p>\n<p>&nbsp;<\/p>\n<p>&nbsp;<br \/>\nCharline Poncelet<img decoding=\"async\" loading=\"lazy\" class=\"alignnone size-medium wp-image-135\" src=\"http:\/\/lesentierdelamour.be\/wp-content\/uploads\/2016\/05\/charline-web-200x300.jpg\" alt=\"charline web\" width=\"200\" height=\"300\" srcset=\"https:\/\/lesentierdelamour.be\/wp-content\/uploads\/2016\/05\/charline-web-200x300.jpg 200w, https:\/\/lesentierdelamour.be\/wp-content\/uploads\/2016\/05\/charline-web.jpg 298w\" sizes=\"(max-width: 200px) 100vw, 200px\" \/><\/p>\n","protected":false},"excerpt":{"rendered":"<p>\u00ab Le duetto \u00bb , le duo en fran\u00e7ais, est une mani\u00e8re de d\u00e9clarer votre flamme \u00e0 la personne de votre c\u0153ur. Inspir\u00e9s du balcon de Rom\u00e9o et Juliette, les deux lutrins vous permettent de jouer la com\u00e9die avec ces textes connus de tous ou de simplement laisser libre cours<a href=\"https:\/\/lesentierdelamour.be\/index.php\/nos-oeuvres\/duetto\/\" class=\"read-more\">Read More<\/a><\/p>\n","protected":false},"author":1,"featured_media":0,"parent":7,"menu_order":0,"comment_status":"closed","ping_status":"closed","template":"","meta":[],"_links":{"self":[{"href":"https:\/\/lesentierdelamour.be\/index.php\/wp-json\/wp\/v2\/pages\/134"}],"collection":[{"href":"https:\/\/lesentierdelamour.be\/index.php\/wp-json\/wp\/v2\/pages"}],"about":[{"href":"https:\/\/lesentierdelamour.be\/index.php\/wp-json\/wp\/v2\/types\/page"}],"author":[{"embeddable":true,"href":"https:\/\/lesentierdelamour.be\/index.php\/wp-json\/wp\/v2\/users\/1"}],"replies":[{"embeddable":true,"href":"https:\/\/lesentierdelamour.be\/index.php\/wp-json\/wp\/v2\/comments?post=134"}],"version-history":[{"count":1,"href":"https:\/\/lesentierdelamour.be\/index.php\/wp-json\/wp\/v2\/pages\/134\/revisions"}],"predecessor-version":[{"id":137,"href":"https:\/\/lesentierdelamour.be\/index.php\/wp-json\/wp\/v2\/pages\/134\/revisions\/137"}],"up":[{"embeddable":true,"href":"https:\/\/lesentierdelamour.be\/index.php\/wp-json\/wp\/v2\/pages\/7"}],"wp:attachment":[{"href":"https:\/\/lesentierdelamour.be\/index.php\/wp-json\/wp\/v2\/media?parent=134"}],"curies":[{"name":"wp","href":"https:\/\/api.w.org\/{rel}","templated":true}]}}