{"id":14,"date":"2016-03-14T20:38:07","date_gmt":"2016-03-14T19:38:07","guid":{"rendered":"http:\/\/lesentierdelamour.be\/?page_id=14"},"modified":"2020-11-22T19:43:32","modified_gmt":"2020-11-22T18:43:32","slug":"partenaires","status":"publish","type":"page","link":"https:\/\/lesentierdelamour.be\/index.php\/partenaires\/","title":{"rendered":"Partenaires"},"content":{"rendered":"<ul>\n<li><a href=\"http:\/\/www.frasnes-lez-anvaing.be\/\" target=\"_blank\" rel=\"noopener noreferrer\">Commune de Frasnes-Lez-Anvaing<\/a><br \/>\n<img decoding=\"async\" loading=\"lazy\" class=\"alignnone wp-image-176\" src=\"http:\/\/lesentierdelamour.be\/wp-content\/uploads\/2016\/03\/logo-frasnes-272x300.png\" alt=\"logo frasnes\" width=\"51\" height=\"56\" srcset=\"https:\/\/lesentierdelamour.be\/wp-content\/uploads\/2016\/03\/logo-frasnes-272x300.png 272w, https:\/\/lesentierdelamour.be\/wp-content\/uploads\/2016\/03\/logo-frasnes.png 536w\" sizes=\"(max-width: 51px) 100vw, 51px\" \/><br \/>\nCe n\u2019est pas tous les jours qu\u2019on inaugure un nouveau sentier et c\u2019est encore moins souvent qu\u2019il fasse r\u00e9f\u00e9rence \u00e0 l\u2019Amour,mais ne dit-on pas que quand on aime, on ne compte pas ?<br \/>\n<a href=\"http:\/\/lesentierdelamour.be\/index.php\/2016\/05\/15\/test\/\">Lire la suite<br \/>\n<\/a><\/li>\n<\/ul>\n<ul>\n<li><a href=\"http:\/\/stluc-sup-tournai.be\/\" target=\"_blank\" rel=\"noopener noreferrer\">Ecole Saint Luc de Tournai<\/a><br \/>\n<img decoding=\"async\" loading=\"lazy\" class=\"alignnone wp-image-179\" src=\"http:\/\/lesentierdelamour.be\/wp-content\/uploads\/2016\/03\/esa2-300x104.png\" alt=\"esa2\" width=\"216\" height=\"75\" srcset=\"https:\/\/lesentierdelamour.be\/wp-content\/uploads\/2016\/03\/esa2-300x104.png 300w, https:\/\/lesentierdelamour.be\/wp-content\/uploads\/2016\/03\/esa2.png 400w\" sizes=\"(max-width: 216px) 100vw, 216px\" \/><br \/>\nQuel plaisir, quelle satisfaction en effet, pour l\u2019ensemble de l\u2019\u00e9cole de participer \u00e0 ce projet enchanteur : la mise en valeur de cette belle entit\u00e9 d\u2019Anvaing !<br \/>\n<a href=\"http:\/\/lesentierdelamour.be\/index.php\/2016\/05\/15\/ecole-saint-luc-de-tournai\/\">Lire la suite<br \/>\n<\/a><\/li>\n<li><a href=\"https:\/\/ideta.be\/\" target=\"_blank\" rel=\"noopener noreferrer\">Ideta<\/a><br \/>\n<img decoding=\"async\" loading=\"lazy\" class=\"alignnone wp-image-180\" src=\"http:\/\/lesentierdelamour.be\/wp-content\/uploads\/2016\/03\/logo-ideta-frasnes-300x60.png\" alt=\"logo-ideta-frasnes\" width=\"200\" height=\"40\" srcset=\"https:\/\/lesentierdelamour.be\/wp-content\/uploads\/2016\/03\/logo-ideta-frasnes-300x60.png 300w, https:\/\/lesentierdelamour.be\/wp-content\/uploads\/2016\/03\/logo-ideta-frasnes-768x154.png 768w, https:\/\/lesentierdelamour.be\/wp-content\/uploads\/2016\/03\/logo-ideta-frasnes.png 900w\" sizes=\"(max-width: 200px) 100vw, 200px\" \/><br \/>\nAgence de d\u00e9veloppement territorial. Partenaire pour le balisage (Int\u00e9gration des points noeuds), pour la promotion et la reconnaissance de notre sentier.<\/li>\n<li><a href=\"https:\/\/www.cera.be\/fr\/\" target=\"_blank\" rel=\"noopener noreferrer\">CERA<\/a><br \/>\n<img decoding=\"async\" loading=\"lazy\" class=\"alignnone wp-image-181\" src=\"http:\/\/lesentierdelamour.be\/wp-content\/uploads\/2016\/03\/cera_logo_F_B_png.png\" alt=\"cera_logo_F_B_png\" width=\"87\" height=\"87\" srcset=\"https:\/\/lesentierdelamour.be\/wp-content\/uploads\/2016\/03\/cera_logo_F_B_png.png 213w, https:\/\/lesentierdelamour.be\/wp-content\/uploads\/2016\/03\/cera_logo_F_B_png-150x150.png 150w\" sizes=\"(max-width: 87px) 100vw, 87px\" \/><br \/>\nPartenaire pour la subsidiation de l\u2019oeuvre de Caroline L\u00e9ger (Entre coeur et \u00e2me), au cimeti\u00e8re.<\/li>\n<li><a href=\"http:\/\/www.fabrice-gallez.com\/\" target=\"_blank\" rel=\"noopener noreferrer\">Fabrice Gallez<br \/>\n<\/a><\/li>\n<li><a href=\"http:\/\/www.carolineleger.be\/\" target=\"_blank\" rel=\"noopener noreferrer\">Caroline L\u00e9ger<br \/>\n<\/a><\/li>\n<li>Danielle Gerard<\/li>\n<\/ul>\n","protected":false},"excerpt":{"rendered":"<p>Commune de Frasnes-Lez-Anvaing Ce n\u2019est pas tous les jours qu\u2019on inaugure un nouveau sentier et c\u2019est encore moins souvent qu\u2019il fasse r\u00e9f\u00e9rence \u00e0 l\u2019Amour,mais ne dit-on pas que quand on aime, on ne compte pas ? Lire la suite Ecole Saint Luc de Tournai Quel plaisir, quelle satisfaction en effet,<a href=\"https:\/\/lesentierdelamour.be\/index.php\/partenaires\/\" class=\"read-more\">Read More<\/a><\/p>\n","protected":false},"author":1,"featured_media":0,"parent":0,"menu_order":5,"comment_status":"closed","ping_status":"closed","template":"","meta":[],"_links":{"self":[{"href":"https:\/\/lesentierdelamour.be\/index.php\/wp-json\/wp\/v2\/pages\/14"}],"collection":[{"href":"https:\/\/lesentierdelamour.be\/index.php\/wp-json\/wp\/v2\/pages"}],"about":[{"href":"https:\/\/lesentierdelamour.be\/index.php\/wp-json\/wp\/v2\/types\/page"}],"author":[{"embeddable":true,"href":"https:\/\/lesentierdelamour.be\/index.php\/wp-json\/wp\/v2\/users\/1"}],"replies":[{"embeddable":true,"href":"https:\/\/lesentierdelamour.be\/index.php\/wp-json\/wp\/v2\/comments?post=14"}],"version-history":[{"count":16,"href":"https:\/\/lesentierdelamour.be\/index.php\/wp-json\/wp\/v2\/pages\/14\/revisions"}],"predecessor-version":[{"id":507,"href":"https:\/\/lesentierdelamour.be\/index.php\/wp-json\/wp\/v2\/pages\/14\/revisions\/507"}],"wp:attachment":[{"href":"https:\/\/lesentierdelamour.be\/index.php\/wp-json\/wp\/v2\/media?parent=14"}],"curies":[{"name":"wp","href":"https:\/\/api.w.org\/{rel}","templated":true}]}}