{"id":142,"date":"2016-05-14T13:33:47","date_gmt":"2016-05-14T12:33:47","guid":{"rendered":"http:\/\/lesentierdelamour.be\/?page_id=142"},"modified":"2016-05-14T13:33:47","modified_gmt":"2016-05-14T12:33:47","slug":"narcisse","status":"publish","type":"page","link":"https:\/\/lesentierdelamour.be\/index.php\/nos-oeuvres\/narcisse\/","title":{"rendered":"Narcisse"},"content":{"rendered":"<p><img decoding=\"async\" loading=\"lazy\" class=\"size-medium wp-image-144 alignleft\" src=\"http:\/\/lesentierdelamour.be\/wp-content\/uploads\/2016\/05\/narcisse-web-300x212.jpg\" alt=\"narcisse web\" width=\"300\" height=\"212\" srcset=\"https:\/\/lesentierdelamour.be\/wp-content\/uploads\/2016\/05\/narcisse-web-300x212.jpg 300w, https:\/\/lesentierdelamour.be\/wp-content\/uploads\/2016\/05\/narcisse-web.jpg 448w\" sizes=\"(max-width: 300px) 100vw, 300px\" \/>Apprendre \u00e0 s\u2019aimer soi-m\u00eame avant de pouvoir aimer l\u2019autre. Narcisse, dot\u00e9 d\u2019une beaut\u00e9 rare, ne laissait peu de personne s\u2019en approcher. Pouss\u00e9 par une force divine, il se perdit au bord d\u2019un ruisseau o\u00f9 il d\u00e9couvrit son visage \u00e0 travers le reflet de l\u2019eau. Pris d\u2019une telle passion amoureuse, il ne put se d\u00e9tacher de son image. Se laissant d\u00e9p\u00e9rir au bord de l&rsquo;eau, il se transforma peu \u00e0 peu en fleur, appel\u00e9e commun\u00e9ment Narcisse.<\/p>\n<p>&nbsp;<\/p>\n<p>&nbsp;<\/p>\n<p>Cassandre Aurick &amp; Chlo\u00e9 Kowalta<img decoding=\"async\" loading=\"lazy\" class=\"alignnone size-medium wp-image-143\" src=\"http:\/\/lesentierdelamour.be\/wp-content\/uploads\/2016\/05\/cassandre-et-Chlo\u00e9-web-300x200.jpg\" alt=\"cassandre et Chlo\u00e9 web\" width=\"300\" height=\"200\" srcset=\"https:\/\/lesentierdelamour.be\/wp-content\/uploads\/2016\/05\/cassandre-et-Chlo\u00e9-web-300x200.jpg 300w, https:\/\/lesentierdelamour.be\/wp-content\/uploads\/2016\/05\/cassandre-et-Chlo\u00e9-web.jpg 448w\" sizes=\"(max-width: 300px) 100vw, 300px\" \/><\/p>\n","protected":false},"excerpt":{"rendered":"<p>Apprendre \u00e0 s\u2019aimer soi-m\u00eame avant de pouvoir aimer l\u2019autre. Narcisse, dot\u00e9 d\u2019une beaut\u00e9 rare, ne laissait peu de personne s\u2019en approcher. Pouss\u00e9 par une force divine, il se perdit au bord d\u2019un ruisseau o\u00f9 il d\u00e9couvrit son visage \u00e0 travers le reflet de l\u2019eau. Pris d\u2019une telle passion amoureuse, il<a href=\"https:\/\/lesentierdelamour.be\/index.php\/nos-oeuvres\/narcisse\/\" class=\"read-more\">Read More<\/a><\/p>\n","protected":false},"author":1,"featured_media":0,"parent":7,"menu_order":0,"comment_status":"closed","ping_status":"closed","template":"","meta":[],"_links":{"self":[{"href":"https:\/\/lesentierdelamour.be\/index.php\/wp-json\/wp\/v2\/pages\/142"}],"collection":[{"href":"https:\/\/lesentierdelamour.be\/index.php\/wp-json\/wp\/v2\/pages"}],"about":[{"href":"https:\/\/lesentierdelamour.be\/index.php\/wp-json\/wp\/v2\/types\/page"}],"author":[{"embeddable":true,"href":"https:\/\/lesentierdelamour.be\/index.php\/wp-json\/wp\/v2\/users\/1"}],"replies":[{"embeddable":true,"href":"https:\/\/lesentierdelamour.be\/index.php\/wp-json\/wp\/v2\/comments?post=142"}],"version-history":[{"count":1,"href":"https:\/\/lesentierdelamour.be\/index.php\/wp-json\/wp\/v2\/pages\/142\/revisions"}],"predecessor-version":[{"id":145,"href":"https:\/\/lesentierdelamour.be\/index.php\/wp-json\/wp\/v2\/pages\/142\/revisions\/145"}],"up":[{"embeddable":true,"href":"https:\/\/lesentierdelamour.be\/index.php\/wp-json\/wp\/v2\/pages\/7"}],"wp:attachment":[{"href":"https:\/\/lesentierdelamour.be\/index.php\/wp-json\/wp\/v2\/media?parent=142"}],"curies":[{"name":"wp","href":"https:\/\/api.w.org\/{rel}","templated":true}]}}