{"id":153,"date":"2016-05-14T13:53:09","date_gmt":"2016-05-14T12:53:09","guid":{"rendered":"http:\/\/lesentierdelamour.be\/?page_id=153"},"modified":"2016-05-14T13:53:09","modified_gmt":"2016-05-14T12:53:09","slug":"ma-conquete","status":"publish","type":"page","link":"https:\/\/lesentierdelamour.be\/index.php\/nos-oeuvres\/ma-conquete\/","title":{"rendered":"Ma conqu\u00eate"},"content":{"rendered":"<p><img decoding=\"async\" loading=\"lazy\" class=\"size-medium wp-image-154 alignleft\" src=\"http:\/\/lesentierdelamour.be\/wp-content\/uploads\/2016\/05\/fus\u00e9e-web-200x300.jpg\" alt=\"fus\u00e9e web\" width=\"200\" height=\"300\" srcset=\"https:\/\/lesentierdelamour.be\/wp-content\/uploads\/2016\/05\/fus\u00e9e-web-200x300.jpg 200w, https:\/\/lesentierdelamour.be\/wp-content\/uploads\/2016\/05\/fus\u00e9e-web.jpg 299w\" sizes=\"(max-width: 200px) 100vw, 200px\" \/>Certains am\u00e9ricains fortun\u00e9s confient leurs cendres \u00e0 la NASA qui les envoient dans l\u2019espace, esp\u00e9rant \u00eatre\u00bb ressuscit\u00e9s\u00bb par une civilisation extra-terrestre.<\/p>\n<p>Ici, je donne possibilit\u00e9 aux amoureux de \u00abs\u2019envoyer en l\u2019air\u00bb le plus po\u00e9tiquement possible, \u00e0 travers leurs souhaits ou leurs promesses. Pour inciter les candidats \u00e0 s\u2019y inscrire, j\u2019ai moi-m\u00eame, dans l\u2019incertitude du succ\u00e8s, compos\u00e9 une ou deux d\u00e9dicaces. Quel ne f\u00fbt pas mon \u00e9tonnement de voir la fus\u00e9e enti\u00e8rement recouverte 10 jours apr\u00e8s.<\/p>\n<p>Et en plus,pas de d\u00e9gradations \u00e0 signaler. Chapeau aux Amoureux!<br \/>\nPatrick Jouret (notre agrisculpteur !)<\/p>\n","protected":false},"excerpt":{"rendered":"<p>Certains am\u00e9ricains fortun\u00e9s confient leurs cendres \u00e0 la NASA qui les envoient dans l\u2019espace, esp\u00e9rant \u00eatre\u00bb ressuscit\u00e9s\u00bb par une civilisation extra-terrestre. Ici, je donne possibilit\u00e9 aux amoureux de \u00abs\u2019envoyer en l\u2019air\u00bb le plus po\u00e9tiquement possible, \u00e0 travers leurs souhaits ou leurs promesses. Pour inciter les candidats \u00e0 s\u2019y inscrire, j\u2019ai<a href=\"https:\/\/lesentierdelamour.be\/index.php\/nos-oeuvres\/ma-conquete\/\" class=\"read-more\">Read More<\/a><\/p>\n","protected":false},"author":1,"featured_media":0,"parent":7,"menu_order":0,"comment_status":"closed","ping_status":"closed","template":"","meta":[],"_links":{"self":[{"href":"https:\/\/lesentierdelamour.be\/index.php\/wp-json\/wp\/v2\/pages\/153"}],"collection":[{"href":"https:\/\/lesentierdelamour.be\/index.php\/wp-json\/wp\/v2\/pages"}],"about":[{"href":"https:\/\/lesentierdelamour.be\/index.php\/wp-json\/wp\/v2\/types\/page"}],"author":[{"embeddable":true,"href":"https:\/\/lesentierdelamour.be\/index.php\/wp-json\/wp\/v2\/users\/1"}],"replies":[{"embeddable":true,"href":"https:\/\/lesentierdelamour.be\/index.php\/wp-json\/wp\/v2\/comments?post=153"}],"version-history":[{"count":1,"href":"https:\/\/lesentierdelamour.be\/index.php\/wp-json\/wp\/v2\/pages\/153\/revisions"}],"predecessor-version":[{"id":155,"href":"https:\/\/lesentierdelamour.be\/index.php\/wp-json\/wp\/v2\/pages\/153\/revisions\/155"}],"up":[{"embeddable":true,"href":"https:\/\/lesentierdelamour.be\/index.php\/wp-json\/wp\/v2\/pages\/7"}],"wp:attachment":[{"href":"https:\/\/lesentierdelamour.be\/index.php\/wp-json\/wp\/v2\/media?parent=153"}],"curies":[{"name":"wp","href":"https:\/\/api.w.org\/{rel}","templated":true}]}}