{"id":191,"date":"2016-09-25T15:46:47","date_gmt":"2016-09-25T14:46:47","guid":{"rendered":"http:\/\/lesentierdelamour.be\/?page_id=191"},"modified":"2024-05-19T05:42:22","modified_gmt":"2024-05-19T04:42:22","slug":"accueil","status":"publish","type":"page","link":"https:\/\/lesentierdelamour.be\/","title":{"rendered":"Accueil"},"content":{"rendered":"<p>L\u2019amour rev\u00eat diverses significations : le plaisir, le bonheur d\u2019\u00eatre \u00e0 deux, le respect. Le plaisir, c\u2019est ce que nous vous souhaitons d\u2019abord en parcourant ce sentier en toute saison, en tout temps, nich\u00e9 au pied des collines, dans un vaste \u00e9crin de verdure et de tranquillit\u00e9. Le bonheur d\u2019\u00eatre \u00e0 deux a \u00e9t\u00e9 un des moteurs de l\u2019am\u00e9nagement du sentier, notamment en d\u00e9cidant de marcher tous dans le m\u00eame sens pr\u00e9servant l\u2019intimit\u00e9 de chacun ! Le respect passe aussi par l\u2019admiration de la nature, du ch\u00e2teau et de ses abords, des travaux que les Comtes de Lannoy engagent pour am\u00e9liorer la qualit\u00e9 de l\u2019environnement direct,\u2026<\/p>\n<p>Et puis, il y a ces <a href=\"http:\/\/lesentierdelamour.be\/index.php\/nos-oeuvres\/\">oeuvres<\/a> de l&rsquo;amour, sem\u00e9es sur le parcours.\u00a0 Des \u00e9tudiants y ont inscrit leur travail de fin d&rsquo;\u00e9tude, des photos sur le th\u00e8me de l&rsquo;amour sont expos\u00e9es et la nature elle-m\u00eame t\u00e9moigne \u00e0 chaque instant de la\u00a0force de l&rsquo;amour.<\/p>\n<p>Vous verrez \u00e9galement que vous pouvez doubler la distance en rejoignant le<a href=\"http:\/\/lesentierdelamour.be\/index.php\/vers-sentier-enchante\/\"> Sentier Enchant\u00e9<\/a>\u00a0par un chemin de remembrement .\u00a0 Vous passerez ainsi des bocages du Sentier de l&rsquo;Amour aux Monts de Frasnes pour terminer en longeant la Rhosnes.<\/p>\n<div class=\"actu-container\">\n<h2 style=\"text-align: center;\">Actualit\u00e9s<\/h2>\n<ul>\n<li>Mai 2024 : inauguration\/conf\u00e9rence de presse pour la pr\u00e9sentation des nouvelles oeuvres, merci \u00e0 la commune de Frasnes-lez-Anvaing pour l&rsquo;aide !<\/li>\n<li>D\u00e9cembre 2022 : r\u00e9ception d&rsquo;un nouveau subside communal pour le renouvellement des oeuvres install\u00e9es<\/li>\n<li>octobre 2020 : Ouverture d&rsquo;un <a href=\"http:\/\/lesentierdelamour.be\/index.php\/infos-pratiques\/wc-disponible-parcours\/\">WC sur le parcours<\/a><\/li>\n<li>juin 2020 : Extension vers le Sentier Enchant\u00e9\n<ul>\n<li>Et oui, nous avons d\u00e9cid\u00e9 d&rsquo;augmenter notre offre de promenade et pour ceux qui veulent marcher une douzaine de km, vous trouverez un nouvel onglet \u00ab\u00a0Vers le Sentier Enchant\u00e9\u00a0\u00bb qui d\u00e9crit un circuit \u00e0 prendre et qui vous fera flirter avec les \u0153uvres de Patrick Jouret, avec l&rsquo;histoire de Pia Couchotte ou encore avec les photos prim\u00e9es d&rsquo;un concours PCDN en 2019.<\/li>\n<\/ul>\n<\/li>\n<li>avril 2020 : Confinement CORONAVIRUS\n<ul>\n<li>M\u00eame si beaucoup de monde parcourt notre sentier, voyager dans le m\u00eame sens permet d&rsquo;espacer valablement les marcheurs et de respecter ainsi les r\u00e8gles de distanciation physique.\u00a0 N&rsquo;h\u00e9sitez donc pas \u00e0 parcourir ce sentier de l&rsquo;amour\u00a0pour y\u00a0admirer ainsi la nature au moment o\u00f9 son d\u00e9veloppement est le plus spectaculaire : chaque jour est diff\u00e9rent et apporte son lot de nouvelles surprises et d\u00e9couvertes.<\/li>\n<li>Pour rappel, le sens de parcours habituel est de la place d&rsquo;Anvaing vers la Maison de Village, la Petite Courbe, le Caillois, la Chapelle St Damien, le Ch\u00e2teau, le Gouffre et retour \u00e0 la place via la rue du Cur\u00e9.<\/li>\n<\/ul>\n<\/li>\n<li>fin 2018 : reportage de RTL \u00ab\u00a0<a href=\"https:\/\/www.rtlplay.be\/la-grande-balade-p_8539\/wallonie-picarde-tournai-c_11909117\">la Grande Balade<\/a>\u00a0\u00bb sur notre sentier (de la minute 4.06 \u00e0 6.15)<\/li>\n<li>f\u00e9vrier 2018 :\u00a0<a href=\"http:\/\/lesentierdelamour.be\/index.php\/actualites\/faites-marcher-lamour\/\">Faites Marcher l&rsquo;Amour<\/a>\n<div style=\"text-indent: 25px;\">\u00ab Faites marcher l\u2019amour \u00bb est un march\u00e9 de St Valentin qui permettra aux visiteurs d\u2019acheter un cadeau \u00e0 leur moiti\u00e9. <a href=\"http:\/\/lesentierdelamour.be\/index.php\/actualites\/faites-marcher-lamour\/\">En savoir plus&#8230;<\/a><\/div>\n<div id=\"centrage\"><\/div>\n<\/li>\n<li><a href=\"http:\/\/lesentierdelamour.be\/index.php\/actualites\/ateliers-creatifs-eleves-de-lentite-de-frasnes\/\">Ateliers Cr\u00e9atifs par les \u00e9l\u00e8ves<\/a>\n<div style=\"text-indent: 25px;\">Dans le cadre du Cicaday Festival organis\u00e9 par le Centre Culturel du Pays des Collines (lien vers leur site), les \u00e9l\u00e8ves de plusieurs \u00e9coles de Frasnes ont particip\u00e9 \u00e0 des ateliers cr\u00e9atifs.<a href=\"http:\/\/lesentierdelamour.be\/index.php\/actualites\/ateliers-creatifs-eleves-de-lentite-de-frasnes\/\">En savoir plus&#8230;<\/a><\/div>\n<\/li>\n<\/ul>\n<\/div>\n<p>&nbsp;<\/p>\n<p><span style=\"color: #008000;\">ASTUCE<\/span> : t\u00e9l\u00e9chargez l&rsquo;application gpx viewer sur votre smartphone, ouvrez la carte du <a href=\"http:\/\/lesentierdelamour.be\/wp-content\/uploads\/2016\/09\/sentier-de-lamour.zip\">sentier de l&rsquo;amour<\/a>.gpx (qui a \u00e9t\u00e9 pr\u00e9alablement compress\u00e9e) et vous voil\u00e0 directement g\u00e9olocalis\u00e9 avec notre sentier ! FACILE \ud83d\ude42<\/p>\n<p>Notre sentier est \u00e9galement repris sur l&rsquo;excellent site <a href=\"https:\/\/www.routeyou.com\/fr-be\">Routeyou<\/a>\u00a0o\u00f9 vous pouvez d\u00e9couvrir plein d&rsquo;id\u00e9es de balades ! D\u00e9placez le curseur sur le circuit et vous verrez imm\u00e9diatement o\u00f9 vous vous trouvez sur le profil en long ! pratique \ud83d\ude42<\/p>\n<p><iframe loading=\"lazy\" src=\"\/\/plugin.routeyou.com\/routeviewer\/free\/?language=fr&amp;params.route.id=4237069\" width=\"100%\" height=\"600\"><\/iframe><\/p>\n<p><script>\nalert('Hello !');\n\tvar links=document.getElementsByClassName('photos'), linksLen=links.length;<\/p>\n<p>\tfor(var i = 0;i<linksLen;i++){\n\tlinks[i].onclick=function(){\n       displayImg(this);\n       return false; \n    };\n\t}\n\tfunction displayImg(link)\n\t{\n\t\tvar img = new Image ();\n\t\toverlay = document.getElementById(overlay');\n\t\timg.onload=function(){\n\t\t\toverlay.innerHTML='';\n\t\t\toverlay.appendChild(img);\n\t\t};\n   img.src=link.href;\n   overlay.style.display='block';\n   overlay.innerHTML= '<span>Chargement en cours ...<\/span>';\n\t}<\/p>\n<p>\tdocument.getElementById('overlay').onclick=function(){\n\tthis.style.display='none';\n\t};\n<\/script><\/p>\n<div id=\"sconnect-is-installed\" style=\"display: none;\">2.12.0.0<\/div>\n<div id=\"sconnect-is-installed\" style=\"display: none;\">2.12.0.0<\/div>\n<div id=\"sconnect-is-installed\" style=\"display: none;\">2.12.0.0<\/div>\n<div id=\"sconnect-is-installed\" style=\"display: none;\">2.12.0.0<\/div>\n<div id=\"sconnect-is-installed\" style=\"display: none;\">2.12.0.0<\/div>\n","protected":false},"excerpt":{"rendered":"<p>L\u2019amour rev\u00eat diverses significations : le plaisir, le bonheur d\u2019\u00eatre \u00e0 deux, le respect. Le plaisir, c\u2019est ce que nous vous souhaitons d\u2019abord en parcourant ce sentier en toute saison, en tout temps, nich\u00e9 au pied des collines, dans un vaste \u00e9crin de verdure et de tranquillit\u00e9. Le bonheur d\u2019\u00eatre<a href=\"https:\/\/lesentierdelamour.be\/\" class=\"read-more\">Read More<\/a><\/p>\n","protected":false},"author":1,"featured_media":0,"parent":0,"menu_order":0,"comment_status":"closed","ping_status":"closed","template":"","meta":[],"_links":{"self":[{"href":"https:\/\/lesentierdelamour.be\/index.php\/wp-json\/wp\/v2\/pages\/191"}],"collection":[{"href":"https:\/\/lesentierdelamour.be\/index.php\/wp-json\/wp\/v2\/pages"}],"about":[{"href":"https:\/\/lesentierdelamour.be\/index.php\/wp-json\/wp\/v2\/types\/page"}],"author":[{"embeddable":true,"href":"https:\/\/lesentierdelamour.be\/index.php\/wp-json\/wp\/v2\/users\/1"}],"replies":[{"embeddable":true,"href":"https:\/\/lesentierdelamour.be\/index.php\/wp-json\/wp\/v2\/comments?post=191"}],"version-history":[{"count":41,"href":"https:\/\/lesentierdelamour.be\/index.php\/wp-json\/wp\/v2\/pages\/191\/revisions"}],"predecessor-version":[{"id":539,"href":"https:\/\/lesentierdelamour.be\/index.php\/wp-json\/wp\/v2\/pages\/191\/revisions\/539"}],"wp:attachment":[{"href":"https:\/\/lesentierdelamour.be\/index.php\/wp-json\/wp\/v2\/media?parent=191"}],"curies":[{"name":"wp","href":"https:\/\/api.w.org\/{rel}","templated":true}]}}