{"id":212,"date":"2017-10-09T13:54:04","date_gmt":"2017-10-09T12:54:04","guid":{"rendered":"http:\/\/lesentierdelamour.be\/?page_id=212"},"modified":"2017-10-09T14:12:24","modified_gmt":"2017-10-09T13:12:24","slug":"actualites","status":"publish","type":"page","link":"https:\/\/lesentierdelamour.be\/index.php\/actualites\/","title":{"rendered":"Actualit\u00e9s"},"content":{"rendered":"<p>Voici la liste des \u00e9v\u00e8nements r\u00e9cents qui ont eu lieu dans notre r\u00e9gion. Pour avoir plus d&rsquo;informations et \u00e9ventuellement des photos, cliquez sur le lien correspondant.<\/p>\n<li><a href=\"http:\/\/lesentierdelamour.be\/index.php\/ateliers-creatifs-eleves-de-lentite-de-frasnes\/\" rel=\"noopener\" target=\"_blank\">Ateliers cr\u00e9atifs des \u00e9l\u00e8ves de l&rsquo;entit\u00e9 de Frasnes pour le Cicaday Festival<\/a><br \/>\n","protected":false},"excerpt":{"rendered":"<p>Voici la liste des \u00e9v\u00e8nements r\u00e9cents qui ont eu lieu dans notre r\u00e9gion. Pour avoir plus d&rsquo;informations et \u00e9ventuellement des photos, cliquez sur le lien correspondant. Ateliers cr\u00e9atifs des \u00e9l\u00e8ves de l&rsquo;entit\u00e9 de Frasnes pour le Cicaday Festival<\/p>\n","protected":false},"author":1,"featured_media":0,"parent":0,"menu_order":0,"comment_status":"closed","ping_status":"closed","template":"","meta":[],"_links":{"self":[{"href":"https:\/\/lesentierdelamour.be\/index.php\/wp-json\/wp\/v2\/pages\/212"}],"collection":[{"href":"https:\/\/lesentierdelamour.be\/index.php\/wp-json\/wp\/v2\/pages"}],"about":[{"href":"https:\/\/lesentierdelamour.be\/index.php\/wp-json\/wp\/v2\/types\/page"}],"author":[{"embeddable":true,"href":"https:\/\/lesentierdelamour.be\/index.php\/wp-json\/wp\/v2\/users\/1"}],"replies":[{"embeddable":true,"href":"https:\/\/lesentierdelamour.be\/index.php\/wp-json\/wp\/v2\/comments?post=212"}],"version-history":[{"count":2,"href":"https:\/\/lesentierdelamour.be\/index.php\/wp-json\/wp\/v2\/pages\/212\/revisions"}],"predecessor-version":[{"id":249,"href":"https:\/\/lesentierdelamour.be\/index.php\/wp-json\/wp\/v2\/pages\/212\/revisions\/249"}],"wp:attachment":[{"href":"https:\/\/lesentierdelamour.be\/index.php\/wp-json\/wp\/v2\/media?parent=212"}],"curies":[{"name":"wp","href":"https:\/\/api.w.org\/{rel}","templated":true}]}}