{"id":215,"date":"2017-10-09T14:10:32","date_gmt":"2017-10-09T13:10:32","guid":{"rendered":"http:\/\/lesentierdelamour.be\/?page_id=215"},"modified":"2020-11-22T18:59:35","modified_gmt":"2020-11-22T17:59:35","slug":"ateliers-creatifs-eleves-de-lentite-de-frasnes","status":"publish","type":"page","link":"https:\/\/lesentierdelamour.be\/index.php\/actualites\/ateliers-creatifs-eleves-de-lentite-de-frasnes\/","title":{"rendered":"Ateliers cr\u00e9atifs par les \u00e9l\u00e8ves de l&rsquo;entit\u00e9 de Frasnes"},"content":{"rendered":"<p>Ce samedi 23 septembre 2017, Dans le cadre du Cicaday Festival organis\u00e9 par le Centre Culturel du Pays des Collines (lien vers leur site), les \u00e9l\u00e8ves de plusieurs \u00e9coles de Frasnes ont particip\u00e9 \u00e0 des ateliers cr\u00e9atifs. Le but \u00e9tait de cr\u00e9er des \u0153uvres \u00e9ph\u00e9m\u00e8res \u00e0 disposer au gr\u00e9 d\u2019une balade le long du Sentier de l\u2019Amour \u00e0 Anvaing.<\/p>\n<p>Les enfants, venus en nombre, se sont v\u00e9ritablement pris au jeu de ce \u00ab Land\u2019Art \u00bb qui est l\u2019art d\u2019utiliser des mat\u00e9riaux naturels trouv\u00e9s au hasard de la balade, de les mettre en \u0153uvre et de laisser l\u2019\u0153uvre se d\u00e9monter au gr\u00e8s des \u00e9l\u00e9ments (pluie, vent, \u2026).<\/p>\n<p>Nul doute que cette apr\u00e8s-midi aura activ\u00e9 leur sens de l\u2019observation, de la d\u00e9couverte, de l\u2019imagination mais aussi de l\u2019entraide et collaboration.<\/p>\n\n\t\t<style type=\"text\/css\">\n\t\t\t#gallery-1 {\n\t\t\t\tmargin: auto;\n\t\t\t}\n\t\t\t#gallery-1 .gallery-item {\n\t\t\t\tfloat: left;\n\t\t\t\tmargin-top: 10px;\n\t\t\t\ttext-align: center;\n\t\t\t\twidth: 25%;\n\t\t\t}\n\t\t\t#gallery-1 img {\n\t\t\t\tborder: 2px solid #cfcfcf;\n\t\t\t}\n\t\t\t#gallery-1 .gallery-caption {\n\t\t\t\tmargin-left: 0;\n\t\t\t}\n\t\t\t\/* see gallery_shortcode() in wp-includes\/media.php *\/\n\t\t<\/style>\n\t\t<div id='gallery-1' class='gallery galleryid-215 gallery-columns-4 gallery-size-thumbnail'><dl class='gallery-item'>\n\t\t\t<dt class='gallery-icon portrait'>\n\t\t\t\t<a href='https:\/\/lesentierdelamour.be\/index.php\/actualites\/ateliers-creatifs-eleves-de-lentite-de-frasnes\/oeuvres1\/'><img width=\"150\" height=\"150\" src=\"https:\/\/lesentierdelamour.be\/wp-content\/uploads\/2017\/10\/oeuvres1-150x150.jpg\" class=\"attachment-thumbnail size-thumbnail\" alt=\"\" decoding=\"async\" loading=\"lazy\" \/><\/a>\n\t\t\t<\/dt><\/dl><dl class='gallery-item'>\n\t\t\t<dt class='gallery-icon portrait'>\n\t\t\t\t<a href='https:\/\/lesentierdelamour.be\/index.php\/actualites\/ateliers-creatifs-eleves-de-lentite-de-frasnes\/oeuvres2\/'><img width=\"150\" height=\"150\" src=\"https:\/\/lesentierdelamour.be\/wp-content\/uploads\/2017\/10\/oeuvres2-150x150.jpg\" class=\"attachment-thumbnail size-thumbnail\" alt=\"\" decoding=\"async\" loading=\"lazy\" \/><\/a>\n\t\t\t<\/dt><\/dl><dl class='gallery-item'>\n\t\t\t<dt class='gallery-icon portrait'>\n\t\t\t\t<a href='https:\/\/lesentierdelamour.be\/index.php\/actualites\/ateliers-creatifs-eleves-de-lentite-de-frasnes\/oeuvres3\/'><img width=\"150\" height=\"150\" src=\"https:\/\/lesentierdelamour.be\/wp-content\/uploads\/2017\/10\/oeuvres3-150x150.jpg\" class=\"attachment-thumbnail size-thumbnail\" alt=\"\" decoding=\"async\" loading=\"lazy\" \/><\/a>\n\t\t\t<\/dt><\/dl><dl class='gallery-item'>\n\t\t\t<dt class='gallery-icon portrait'>\n\t\t\t\t<a href='https:\/\/lesentierdelamour.be\/index.php\/actualites\/ateliers-creatifs-eleves-de-lentite-de-frasnes\/oeuvres4\/'><img width=\"150\" height=\"150\" src=\"https:\/\/lesentierdelamour.be\/wp-content\/uploads\/2017\/10\/oeuvres4-150x150.jpg\" class=\"attachment-thumbnail size-thumbnail\" alt=\"\" decoding=\"async\" loading=\"lazy\" \/><\/a>\n\t\t\t<\/dt><\/dl><br style=\"clear: both\" \/><dl class='gallery-item'>\n\t\t\t<dt class='gallery-icon portrait'>\n\t\t\t\t<a href='https:\/\/lesentierdelamour.be\/index.php\/actualites\/ateliers-creatifs-eleves-de-lentite-de-frasnes\/oeuvres5\/'><img width=\"150\" height=\"150\" src=\"https:\/\/lesentierdelamour.be\/wp-content\/uploads\/2017\/10\/oeuvres5-150x150.jpg\" class=\"attachment-thumbnail size-thumbnail\" alt=\"\" decoding=\"async\" loading=\"lazy\" \/><\/a>\n\t\t\t<\/dt><\/dl><dl class='gallery-item'>\n\t\t\t<dt class='gallery-icon portrait'>\n\t\t\t\t<a href='https:\/\/lesentierdelamour.be\/index.php\/actualites\/ateliers-creatifs-eleves-de-lentite-de-frasnes\/oeuvres6\/'><img width=\"150\" height=\"150\" src=\"https:\/\/lesentierdelamour.be\/wp-content\/uploads\/2017\/10\/oeuvres6-150x150.jpg\" class=\"attachment-thumbnail size-thumbnail\" alt=\"\" decoding=\"async\" loading=\"lazy\" \/><\/a>\n\t\t\t<\/dt><\/dl><dl class='gallery-item'>\n\t\t\t<dt class='gallery-icon landscape'>\n\t\t\t\t<a href='https:\/\/lesentierdelamour.be\/index.php\/actualites\/ateliers-creatifs-eleves-de-lentite-de-frasnes\/oeuvres7\/'><img width=\"150\" height=\"150\" src=\"https:\/\/lesentierdelamour.be\/wp-content\/uploads\/2017\/10\/oeuvres7-150x150.jpg\" class=\"attachment-thumbnail size-thumbnail\" alt=\"\" decoding=\"async\" loading=\"lazy\" \/><\/a>\n\t\t\t<\/dt><\/dl><dl class='gallery-item'>\n\t\t\t<dt class='gallery-icon portrait'>\n\t\t\t\t<a href='https:\/\/lesentierdelamour.be\/index.php\/actualites\/ateliers-creatifs-eleves-de-lentite-de-frasnes\/oeuvres8\/'><img width=\"150\" height=\"150\" src=\"https:\/\/lesentierdelamour.be\/wp-content\/uploads\/2017\/10\/oeuvres8-150x150.jpg\" class=\"attachment-thumbnail size-thumbnail\" alt=\"\" decoding=\"async\" loading=\"lazy\" \/><\/a>\n\t\t\t<\/dt><\/dl><br style=\"clear: both\" \/><dl class='gallery-item'>\n\t\t\t<dt class='gallery-icon portrait'>\n\t\t\t\t<a href='https:\/\/lesentierdelamour.be\/index.php\/actualites\/ateliers-creatifs-eleves-de-lentite-de-frasnes\/oeuvres9\/'><img width=\"150\" height=\"150\" src=\"https:\/\/lesentierdelamour.be\/wp-content\/uploads\/2017\/10\/oeuvres9-150x150.jpg\" class=\"attachment-thumbnail size-thumbnail\" alt=\"\" decoding=\"async\" loading=\"lazy\" \/><\/a>\n\t\t\t<\/dt><\/dl><dl class='gallery-item'>\n\t\t\t<dt class='gallery-icon portrait'>\n\t\t\t\t<a href='https:\/\/lesentierdelamour.be\/index.php\/actualites\/ateliers-creatifs-eleves-de-lentite-de-frasnes\/oeuvres10\/'><img width=\"150\" height=\"150\" src=\"https:\/\/lesentierdelamour.be\/wp-content\/uploads\/2017\/10\/oeuvres10-150x150.jpg\" class=\"attachment-thumbnail size-thumbnail\" alt=\"\" decoding=\"async\" loading=\"lazy\" \/><\/a>\n\t\t\t<\/dt><\/dl><dl class='gallery-item'>\n\t\t\t<dt class='gallery-icon portrait'>\n\t\t\t\t<a href='https:\/\/lesentierdelamour.be\/index.php\/actualites\/ateliers-creatifs-eleves-de-lentite-de-frasnes\/oeuvres11\/'><img width=\"150\" height=\"150\" src=\"https:\/\/lesentierdelamour.be\/wp-content\/uploads\/2017\/10\/oeuvres11-150x150.jpg\" class=\"attachment-thumbnail size-thumbnail\" alt=\"\" decoding=\"async\" loading=\"lazy\" \/><\/a>\n\t\t\t<\/dt><\/dl><dl class='gallery-item'>\n\t\t\t<dt class='gallery-icon portrait'>\n\t\t\t\t<a href='https:\/\/lesentierdelamour.be\/index.php\/actualites\/ateliers-creatifs-eleves-de-lentite-de-frasnes\/oeuvres13\/'><img width=\"150\" height=\"150\" src=\"https:\/\/lesentierdelamour.be\/wp-content\/uploads\/2017\/10\/oeuvres13-150x150.jpg\" class=\"attachment-thumbnail size-thumbnail\" alt=\"\" decoding=\"async\" loading=\"lazy\" \/><\/a>\n\t\t\t<\/dt><\/dl><br style=\"clear: both\" \/><dl class='gallery-item'>\n\t\t\t<dt class='gallery-icon portrait'>\n\t\t\t\t<a href='https:\/\/lesentierdelamour.be\/index.php\/actualites\/ateliers-creatifs-eleves-de-lentite-de-frasnes\/oeuvres14\/'><img width=\"150\" height=\"150\" src=\"https:\/\/lesentierdelamour.be\/wp-content\/uploads\/2017\/10\/oeuvres14-150x150.jpg\" class=\"attachment-thumbnail size-thumbnail\" alt=\"\" decoding=\"async\" loading=\"lazy\" \/><\/a>\n\t\t\t<\/dt><\/dl><dl class='gallery-item'>\n\t\t\t<dt class='gallery-icon portrait'>\n\t\t\t\t<a href='https:\/\/lesentierdelamour.be\/index.php\/actualites\/ateliers-creatifs-eleves-de-lentite-de-frasnes\/oeuvres15\/'><img width=\"150\" height=\"150\" src=\"https:\/\/lesentierdelamour.be\/wp-content\/uploads\/2017\/10\/oeuvres15-150x150.jpg\" class=\"attachment-thumbnail size-thumbnail\" alt=\"\" decoding=\"async\" loading=\"lazy\" \/><\/a>\n\t\t\t<\/dt><\/dl><dl class='gallery-item'>\n\t\t\t<dt class='gallery-icon portrait'>\n\t\t\t\t<a href='https:\/\/lesentierdelamour.be\/index.php\/actualites\/ateliers-creatifs-eleves-de-lentite-de-frasnes\/oeuvres17\/'><img width=\"150\" height=\"150\" src=\"https:\/\/lesentierdelamour.be\/wp-content\/uploads\/2017\/10\/oeuvres17-150x150.jpg\" class=\"attachment-thumbnail size-thumbnail\" alt=\"\" decoding=\"async\" loading=\"lazy\" \/><\/a>\n\t\t\t<\/dt><\/dl><dl class='gallery-item'>\n\t\t\t<dt class='gallery-icon portrait'>\n\t\t\t\t<a href='https:\/\/lesentierdelamour.be\/index.php\/actualites\/ateliers-creatifs-eleves-de-lentite-de-frasnes\/oeuvres18\/'><img width=\"150\" height=\"150\" src=\"https:\/\/lesentierdelamour.be\/wp-content\/uploads\/2017\/10\/oeuvres18-150x150.jpg\" class=\"attachment-thumbnail size-thumbnail\" alt=\"\" decoding=\"async\" loading=\"lazy\" \/><\/a>\n\t\t\t<\/dt><\/dl><br style=\"clear: both\" \/><dl class='gallery-item'>\n\t\t\t<dt class='gallery-icon portrait'>\n\t\t\t\t<a href='https:\/\/lesentierdelamour.be\/index.php\/actualites\/ateliers-creatifs-eleves-de-lentite-de-frasnes\/oeuvres19\/'><img width=\"150\" height=\"150\" src=\"https:\/\/lesentierdelamour.be\/wp-content\/uploads\/2017\/10\/oeuvres19-150x150.jpg\" class=\"attachment-thumbnail size-thumbnail\" alt=\"\" decoding=\"async\" loading=\"lazy\" \/><\/a>\n\t\t\t<\/dt><\/dl><dl class='gallery-item'>\n\t\t\t<dt class='gallery-icon portrait'>\n\t\t\t\t<a href='https:\/\/lesentierdelamour.be\/index.php\/actualites\/ateliers-creatifs-eleves-de-lentite-de-frasnes\/oeuvres22\/'><img width=\"150\" height=\"150\" src=\"https:\/\/lesentierdelamour.be\/wp-content\/uploads\/2017\/10\/oeuvres22-150x150.jpg\" class=\"attachment-thumbnail size-thumbnail\" alt=\"\" decoding=\"async\" loading=\"lazy\" \/><\/a>\n\t\t\t<\/dt><\/dl><dl class='gallery-item'>\n\t\t\t<dt class='gallery-icon portrait'>\n\t\t\t\t<a href='https:\/\/lesentierdelamour.be\/index.php\/actualites\/ateliers-creatifs-eleves-de-lentite-de-frasnes\/oeuvres23\/'><img width=\"150\" height=\"150\" src=\"https:\/\/lesentierdelamour.be\/wp-content\/uploads\/2017\/10\/oeuvres23-150x150.jpg\" class=\"attachment-thumbnail size-thumbnail\" alt=\"\" decoding=\"async\" loading=\"lazy\" \/><\/a>\n\t\t\t<\/dt><\/dl><dl class='gallery-item'>\n\t\t\t<dt class='gallery-icon portrait'>\n\t\t\t\t<a href='https:\/\/lesentierdelamour.be\/index.php\/actualites\/ateliers-creatifs-eleves-de-lentite-de-frasnes\/oeuvres26\/'><img width=\"150\" height=\"150\" src=\"https:\/\/lesentierdelamour.be\/wp-content\/uploads\/2017\/10\/oeuvres26-150x150.jpg\" class=\"attachment-thumbnail size-thumbnail\" alt=\"\" decoding=\"async\" loading=\"lazy\" \/><\/a>\n\t\t\t<\/dt><\/dl><br style=\"clear: both\" \/><dl class='gallery-item'>\n\t\t\t<dt class='gallery-icon portrait'>\n\t\t\t\t<a href='https:\/\/lesentierdelamour.be\/index.php\/actualites\/ateliers-creatifs-eleves-de-lentite-de-frasnes\/oeuvres27\/'><img width=\"150\" height=\"150\" src=\"https:\/\/lesentierdelamour.be\/wp-content\/uploads\/2017\/10\/oeuvres27-150x150.jpg\" class=\"attachment-thumbnail size-thumbnail\" alt=\"\" decoding=\"async\" loading=\"lazy\" \/><\/a>\n\t\t\t<\/dt><\/dl><dl class='gallery-item'>\n\t\t\t<dt class='gallery-icon portrait'>\n\t\t\t\t<a href='https:\/\/lesentierdelamour.be\/index.php\/actualites\/ateliers-creatifs-eleves-de-lentite-de-frasnes\/oeuvres28\/'><img width=\"150\" height=\"150\" src=\"https:\/\/lesentierdelamour.be\/wp-content\/uploads\/2017\/10\/oeuvres28-150x150.jpg\" class=\"attachment-thumbnail size-thumbnail\" alt=\"\" decoding=\"async\" loading=\"lazy\" \/><\/a>\n\t\t\t<\/dt><\/dl><dl class='gallery-item'>\n\t\t\t<dt class='gallery-icon portrait'>\n\t\t\t\t<a href='https:\/\/lesentierdelamour.be\/index.php\/actualites\/ateliers-creatifs-eleves-de-lentite-de-frasnes\/oeuvres29\/'><img width=\"150\" height=\"150\" src=\"https:\/\/lesentierdelamour.be\/wp-content\/uploads\/2017\/10\/oeuvres29-150x150.jpg\" class=\"attachment-thumbnail size-thumbnail\" alt=\"\" decoding=\"async\" loading=\"lazy\" \/><\/a>\n\t\t\t<\/dt><\/dl><dl class='gallery-item'>\n\t\t\t<dt class='gallery-icon portrait'>\n\t\t\t\t<a href='https:\/\/lesentierdelamour.be\/index.php\/actualites\/ateliers-creatifs-eleves-de-lentite-de-frasnes\/oeuvres30\/'><img width=\"150\" height=\"150\" src=\"https:\/\/lesentierdelamour.be\/wp-content\/uploads\/2017\/10\/oeuvres30-150x150.jpg\" class=\"attachment-thumbnail size-thumbnail\" alt=\"\" decoding=\"async\" loading=\"lazy\" \/><\/a>\n\t\t\t<\/dt><\/dl><br style=\"clear: both\" \/><dl class='gallery-item'>\n\t\t\t<dt class='gallery-icon portrait'>\n\t\t\t\t<a href='https:\/\/lesentierdelamour.be\/index.php\/actualites\/ateliers-creatifs-eleves-de-lentite-de-frasnes\/oeuvres31\/'><img width=\"150\" height=\"150\" src=\"https:\/\/lesentierdelamour.be\/wp-content\/uploads\/2017\/10\/oeuvres31-150x150.jpg\" class=\"attachment-thumbnail size-thumbnail\" alt=\"\" decoding=\"async\" loading=\"lazy\" \/><\/a>\n\t\t\t<\/dt><\/dl><dl class='gallery-item'>\n\t\t\t<dt class='gallery-icon portrait'>\n\t\t\t\t<a href='https:\/\/lesentierdelamour.be\/index.php\/actualites\/ateliers-creatifs-eleves-de-lentite-de-frasnes\/oeuvres32\/'><img width=\"150\" height=\"150\" src=\"https:\/\/lesentierdelamour.be\/wp-content\/uploads\/2017\/10\/oeuvres32-150x150.jpg\" class=\"attachment-thumbnail size-thumbnail\" alt=\"\" decoding=\"async\" loading=\"lazy\" \/><\/a>\n\t\t\t<\/dt><\/dl><dl class='gallery-item'>\n\t\t\t<dt class='gallery-icon portrait'>\n\t\t\t\t<a href='https:\/\/lesentierdelamour.be\/index.php\/actualites\/ateliers-creatifs-eleves-de-lentite-de-frasnes\/oeuvres33\/'><img width=\"150\" height=\"150\" src=\"https:\/\/lesentierdelamour.be\/wp-content\/uploads\/2017\/10\/oeuvres33-150x150.jpg\" class=\"attachment-thumbnail size-thumbnail\" alt=\"\" decoding=\"async\" loading=\"lazy\" \/><\/a>\n\t\t\t<\/dt><\/dl><dl class='gallery-item'>\n\t\t\t<dt class='gallery-icon portrait'>\n\t\t\t\t<a href='https:\/\/lesentierdelamour.be\/index.php\/actualites\/ateliers-creatifs-eleves-de-lentite-de-frasnes\/oeuvres35\/'><img width=\"150\" height=\"150\" src=\"https:\/\/lesentierdelamour.be\/wp-content\/uploads\/2017\/10\/oeuvres35-150x150.jpg\" class=\"attachment-thumbnail size-thumbnail\" alt=\"\" decoding=\"async\" loading=\"lazy\" \/><\/a>\n\t\t\t<\/dt><\/dl><br style=\"clear: both\" \/>\n\t\t<\/div>\n\n","protected":false},"excerpt":{"rendered":"<p>Ce samedi 23 septembre 2017, Dans le cadre du Cicaday Festival organis\u00e9 par le Centre Culturel du Pays des Collines (lien vers leur site), les \u00e9l\u00e8ves de plusieurs \u00e9coles de Frasnes ont particip\u00e9 \u00e0 des ateliers cr\u00e9atifs. Le but \u00e9tait de cr\u00e9er des \u0153uvres \u00e9ph\u00e9m\u00e8res \u00e0 disposer au gr\u00e9 d\u2019une<a href=\"https:\/\/lesentierdelamour.be\/index.php\/actualites\/ateliers-creatifs-eleves-de-lentite-de-frasnes\/\" class=\"read-more\">Read More<\/a><\/p>\n","protected":false},"author":1,"featured_media":0,"parent":212,"menu_order":0,"comment_status":"closed","ping_status":"closed","template":"","meta":[],"_links":{"self":[{"href":"https:\/\/lesentierdelamour.be\/index.php\/wp-json\/wp\/v2\/pages\/215"}],"collection":[{"href":"https:\/\/lesentierdelamour.be\/index.php\/wp-json\/wp\/v2\/pages"}],"about":[{"href":"https:\/\/lesentierdelamour.be\/index.php\/wp-json\/wp\/v2\/types\/page"}],"author":[{"embeddable":true,"href":"https:\/\/lesentierdelamour.be\/index.php\/wp-json\/wp\/v2\/users\/1"}],"replies":[{"embeddable":true,"href":"https:\/\/lesentierdelamour.be\/index.php\/wp-json\/wp\/v2\/comments?post=215"}],"version-history":[{"count":5,"href":"https:\/\/lesentierdelamour.be\/index.php\/wp-json\/wp\/v2\/pages\/215\/revisions"}],"predecessor-version":[{"id":496,"href":"https:\/\/lesentierdelamour.be\/index.php\/wp-json\/wp\/v2\/pages\/215\/revisions\/496"}],"up":[{"embeddable":true,"href":"https:\/\/lesentierdelamour.be\/index.php\/wp-json\/wp\/v2\/pages\/212"}],"wp:attachment":[{"href":"https:\/\/lesentierdelamour.be\/index.php\/wp-json\/wp\/v2\/media?parent=215"}],"curies":[{"name":"wp","href":"https:\/\/api.w.org\/{rel}","templated":true}]}}