{"id":28,"date":"2016-03-15T19:08:56","date_gmt":"2016-03-15T18:08:56","guid":{"rendered":"http:\/\/lesentierdelamour.be\/?page_id=28"},"modified":"2020-04-13T11:40:38","modified_gmt":"2020-04-13T10:40:38","slug":"asbl-sentier-de-lamour","status":"publish","type":"page","link":"https:\/\/lesentierdelamour.be\/index.php\/infos-pratiques\/asbl-sentier-de-lamour\/","title":{"rendered":"ASBL Sentier de l&rsquo;Amour"},"content":{"rendered":"<p>&nbsp;<\/p>\n<h3 style=\"text-align: center;\"><span style=\"color: #6b6142;\">Origine<\/span><\/h3>\n<p><span style=\"color: #6b6142;\">Peter Carpentier est ambassadeur de Frasnes-Lez-Anvaing depuis 2012. Un ambassadeur, c\u2019est quelqu\u2019un qui repr\u00e9sente son village, qui participe \u00e0 son devenir et en fait la promotion. \u00a0Tr\u00e8s vite, l\u2019id\u00e9e d\u2019un sentier appartenant \u00e0 tous les anvinois et qui rassemble les villageois, les associations, les commer\u00e7ants germe dans son esprit. \u00a0Il constitue alors une \u00e9quipe et la grande aventure commence<\/span><\/p>\n<h3 style=\"text-align: center;\"><span style=\"color: #6b6142;\">Qui est dans l\u2019asbl ?<\/span><\/h3>\n<p><span style=\"color: #6b6142;\">C\u2019est ainsi que Patricia Vanhabost (communication), C\u00e9cile Louette-Brabant (pr\u00e9sentation), Laurent Louette (secr\u00e9taire), St\u00e9phane Bataille (menuiserie et travaux), Jean-Jacques Aubry et B\u00e9atrice Spates rejoignent Peter Carpentier(pr\u00e9sident) pour cr\u00e9er cette asbl.<\/span><\/p>\n<p><span style=\"color: #6b6142;\">Rapidement, Axelle Risselin (tr\u00e9sori\u00e8re), Fabrice Gallez (photographe), Sandy Beghin, Jo\u00ebl Doclot rejoignent l\u2019\u00e9quipe et participent r\u00e9guli\u00e8rement aux r\u00e9unions.<\/span><\/p>\n<p>Depuis 2019, le conseil d&rsquo;administration s&rsquo;est modifi\u00e9 et se compose actuellement de Peter Carpentier, Patricia Vanhabost, C\u00e9cile et Laurent Louette, St\u00e9phane Bataille, Fabrice Gallez et Antoine Mariage.<\/p>\n<h3 style=\"text-align: center;\"><span style=\"color: #6b6142;\">Le temps de la cr\u00e9ation !<br \/>\n<\/span><\/h3>\n<p><span style=\"color: #6b6142;\">Tout est \u00e0 faire, les id\u00e9es fusent. \u00a0Le th\u00e8me de l\u2019Amour est une \u00e9vidence quand on regarde la nature omnipr\u00e9sente. \u00a0Mais nous savons aussi qu\u2019il est indispensable d\u2019am\u00e9liorer les relations entre les personnes et que tout pr\u00e9texte favorisant l\u2019amour dans les couples et entre les personnes en g\u00e9n\u00e9ral doit \u00eatre mis en valeur. L\u2019id\u00e9e est donc de s\u2019arr\u00eater quelques instants dans ce monde mat\u00e9riel pour y remettre l\u2019amour \u00e0 sa juste place.<\/span><\/p>\n<p><span style=\"color: #6b6142;\">Avec le soutien de l\u2019administration communale de Frasnes et du <a style=\"color: #6b6142;\" href=\"https:\/\/www.cera.be\/fr\/\" target=\"_blank\" rel=\"noopener noreferrer\"><strong>CERA<\/strong><\/a>, la phase concr\u00e8te peut commencer.<\/span><\/p>\n<p><span style=\"color: #6b6142;\">Le trac\u00e9 du sentier est mis au point avec <strong><a style=\"color: #6b6142;\" href=\"http:\/\/www.ideta.be\/\" target=\"_blank\" rel=\"noopener noreferrer\">IDETA<\/a><\/strong> qui participe \u00e0 son balisage.<\/span><\/p>\n<p><span style=\"color: #6b6142;\">L\u2019<strong><a style=\"color: #6b6142;\" href=\"http:\/\/www.islt.be\/bienvenue\" target=\"_blank\" rel=\"noopener noreferrer\">\u00e9cole Saint-Luc<\/a><\/strong> est d\u2019accord pour agr\u00e9menter le sentier d\u2019oeuvres personnalis\u00e9es qui sont en r\u00e9alit\u00e9 les travaux de fin d\u2019\u00e9tude des \u00e9tudiants artistes. <a style=\"color: #6b6142;\" href=\"http:\/\/www.paysdescollines.be\/offres-artisans-pivot\/patrick-jouret-agri-sculpteur\">Patrick Jouret<\/a>, notre agrisculpteur, confectionne une fus\u00e9e en mat\u00e9riaux de r\u00e9cup\u00e9ration et nous la pla\u00e7ons sur la place au d\u00e9part. Les <strong><a style=\"color: #6b6142;\" href=\"http:\/\/www.400coups.eu\/\" target=\"_blank\" rel=\"noopener noreferrer\">400 coups de Wallonie<\/a><\/strong> saisissent l\u2019opportunit\u00e9 du passage de la Grande Randonn\u00e9e pour placer des photos prim\u00e9es sur leur th\u00e8me du 7\u00e8me Ciel qui colle au n\u00f4tre.<\/span><\/p>\n<p><span style=\"color: #6b6142;\">Maxime et Lola (deux \u00e9tudiants) prennent en charge les supports de communication dans leur domaine respectif.<\/span><\/p>\n<p><span style=\"color: #6b6142;\">Apr\u00e8s de longues discussions avec les propri\u00e9taires, les fermiers, le dossier d\u2019urbanisme a pu \u00eatre d\u00e9pos\u00e9 \u00e0 la commune et les oeuvres seront plac\u00e9es mi-avril 2016.<\/span><\/p>\n<p><span style=\"color: #6b6142;\">A partir du 1er mai 2016, le sentier sera officiellement ouvert au public et il sera temps pour nous de pr\u00e9parer la deuxi\u00e8me partie du projet : faire vivre ce sentier.<\/span><\/p>\n<h3 style=\"text-align: center;\"><span style=\"color: #6b6142;\">Quelle est la suite ?<\/span><\/h3>\n<p><span style=\"color: #6b6142;\">Nous avons beaucoup d\u2019id\u00e9es sur des \u00e9v\u00e8nements \u00e0 cr\u00e9er (balade cont\u00e9e, Land Art, festival de musique,&#8230;). \u00a0Nous souhaitons \u00e9galement impliquer les commer\u00e7ants de la r\u00e9gion (pack barbecue, Pt Dej sur le th\u00e8me, pizzas des amoureux, \u2026) mais \u00e9galement faire la promotion des g\u00eetes environnants.<\/span><\/p>\n<p><span style=\"color: #6b6142;\">Toutes les id\u00e9es sont les bienvenues. \u00a0Nous avons d\u00e9j\u00e0 rencontr\u00e9 les ambassadeurs de Frasnes dans une r\u00e9union fructueuse. \u00a0N\u2019h\u00e9sitez pas \u00e0 nous contacter.<\/span><\/p>\n<p>Sit\u00f4t notre sentier lanc\u00e9, la <a href=\"http:\/\/www.hainaut-terredegouts.be\/producteur\/brasserie-la-frasnoise\/\">Brasserie La Frasnoise<\/a> saisit la balle au bond et Bruno et Charles Delroisse cr\u00e9ent une bi\u00e8re de l\u2019Amour pour poursuivre dans la dynamique de notre asbl.\u00a0 On esp\u00e8re convaincre d\u2019autres producteurs de surfer sur ce th\u00e8me pour que Frasnes-Lez-Anvaing devienne une r\u00e9f\u00e9rence de l\u2019Amour.<\/p>\n<p>En 2017, un concours photo est lanc\u00e9 sur le th\u00e8me de l&rsquo;amour et une dizaine d&rsquo;auteurs se voient l&rsquo;honneur d&rsquo;avoir une photo agrandie sur un support rigide et plac\u00e9e le long du parcours.<\/p>\n<p>Plus r\u00e9cemment, en 2019, la commune de Frasnes nous fait l&rsquo;honneur d&rsquo;y mettre des photos prim\u00e9es d&rsquo;un concours sur le th\u00e8me des insectes pollinisateurs.\u00a0 Les photos sont reproduites \u00e0 grand format sur un support en alucobond et plac\u00e9es le long du sentier.<\/p>\n<p>En 2020, nous r\u00e9fl\u00e9chissons \u00e0 renouveler certaines oeuvres qui commencent \u00e0 tourner de l&rsquo;oeil et \u00e0 en restaurer d&rsquo;autres.\u00a0 Des contacts sont pris avec une \u00e9cole pour \u00e0 nouveau confectionner et placer une ou deux oeuvres sur le th\u00e8me de l&rsquo;eau et de l&rsquo;amour.\u00a0 Mais vu la crise sanitaire du Coronavirus, ces cr\u00e9ations seront probablement report\u00e9es \u00e0 des jours meilleurs.<\/p>\n<p>En 2020, notre sentier est reconnu comme une des 45 curiosit\u00e9s de la \u00ab\u00a0Wallonie Insolite\u00a0\u00bb<\/p>\n<p>Nous avons travaill\u00e9 avec IDETA pour que ce sentier de Frasnes-Lez-Anvaing soit reconnu comme circuit artistique de la Wallonie Picarde.\u00a0 Edition d\u2019une carte au 1\/500 \u00e8me et de plus, reprise dans la <a href=\"https:\/\/www.visitwapi.be\/le-sentier-de-lamour\">WAPIBOX<\/a>\u00a0!<\/p>\n<p>Nous avons obtenu un reportage de <strong>RTL T\u00e9l\u00e9vision<\/strong>\u00a0: <a href=\"https:\/\/www.rtlplay.be\/la-grande-balade-p_8539\/wallonie-picarde-tournai-c_11909117\">la Grande Balade<\/a><\/p>\n<p>N&#8217;emp\u00eache que le sentier de l&rsquo;amour lui-m\u00eame \u00e9volue : les jeunes haies des Comtes de Lannoy enrichissent le paysage, la Dame Blanche s&rsquo;est vue octroy\u00e9e un nouvel emplacement \u00e0 la rue de la Gare, le long de la Rhosnes.\u00a0 Le sentier est toujours entretenu.<\/p>\n<p>&nbsp;<\/p>\n<h3 style=\"text-align: center;\"><\/h3>\n<p>&nbsp;<\/p>\n<p>&nbsp;<\/p>\n<h3 style=\"text-align: center;\"><\/h3>\n<div id=\"sconnect-is-installed\" style=\"display: none;\">2.12.0.0<\/div>\n<div id=\"sconnect-is-installed\" style=\"display: none;\">2.12.0.0<\/div>\n","protected":false},"excerpt":{"rendered":"<p>&nbsp; Origine Peter Carpentier est ambassadeur de Frasnes-Lez-Anvaing depuis 2012. Un ambassadeur, c\u2019est quelqu\u2019un qui repr\u00e9sente son village, qui participe \u00e0 son devenir et en fait la promotion. \u00a0Tr\u00e8s vite, l\u2019id\u00e9e d\u2019un sentier appartenant \u00e0 tous les anvinois et qui rassemble les villageois, les associations, les commer\u00e7ants germe dans son<a href=\"https:\/\/lesentierdelamour.be\/index.php\/infos-pratiques\/asbl-sentier-de-lamour\/\" class=\"read-more\">Read More<\/a><\/p>\n","protected":false},"author":1,"featured_media":0,"parent":11,"menu_order":3,"comment_status":"closed","ping_status":"closed","template":"","meta":[],"_links":{"self":[{"href":"https:\/\/lesentierdelamour.be\/index.php\/wp-json\/wp\/v2\/pages\/28"}],"collection":[{"href":"https:\/\/lesentierdelamour.be\/index.php\/wp-json\/wp\/v2\/pages"}],"about":[{"href":"https:\/\/lesentierdelamour.be\/index.php\/wp-json\/wp\/v2\/types\/page"}],"author":[{"embeddable":true,"href":"https:\/\/lesentierdelamour.be\/index.php\/wp-json\/wp\/v2\/users\/1"}],"replies":[{"embeddable":true,"href":"https:\/\/lesentierdelamour.be\/index.php\/wp-json\/wp\/v2\/comments?post=28"}],"version-history":[{"count":18,"href":"https:\/\/lesentierdelamour.be\/index.php\/wp-json\/wp\/v2\/pages\/28\/revisions"}],"predecessor-version":[{"id":409,"href":"https:\/\/lesentierdelamour.be\/index.php\/wp-json\/wp\/v2\/pages\/28\/revisions\/409"}],"up":[{"embeddable":true,"href":"https:\/\/lesentierdelamour.be\/index.php\/wp-json\/wp\/v2\/pages\/11"}],"wp:attachment":[{"href":"https:\/\/lesentierdelamour.be\/index.php\/wp-json\/wp\/v2\/media?parent=28"}],"curies":[{"name":"wp","href":"https:\/\/api.w.org\/{rel}","templated":true}]}}