{"id":313,"date":"2018-01-15T15:36:53","date_gmt":"2018-01-15T14:36:53","guid":{"rendered":"http:\/\/lesentierdelamour.be\/?page_id=313"},"modified":"2020-11-22T18:54:23","modified_gmt":"2020-11-22T17:54:23","slug":"faites-marcher-lamour","status":"publish","type":"page","link":"https:\/\/lesentierdelamour.be\/index.php\/actualites\/faites-marcher-lamour\/","title":{"rendered":"Faites Marcher l&rsquo;Amour"},"content":{"rendered":"<div id=\"overlay\"><\/div>\n<p>\u00ab Faites marcher l\u2019amour \u00bb est un march\u00e9 de St Valentin qui permettra aux visiteurs d\u2019acheter un cadeau \u00e0 leur moiti\u00e9.<\/p>\n<p>F\u00eate, march\u00e9 et amour : 3 th\u00e8mes d\u00e9velopp\u00e9s !<\/p>\n<div id=\"centrage\"><a style=\"margin-top: 1400px;\" title=\"affiche Marcher\" href=\"http:\/\/lesentierdelamour.be\/wp-content\/uploads\/2018\/01\/affiche-St-valentin-sentier-de-lamour.jpg\" name=\"photos\"><img decoding=\"async\" loading=\"lazy\" class=\"alignnone size-medium wp-image-314\" src=\"http:\/\/lesentierdelamour.be\/wp-content\/uploads\/2018\/01\/affiche-St-valentin-sentier-de-lamour-214x300.jpg\" alt=\"\" width=\"214\" height=\"300\" name=\"photos\" srcset=\"https:\/\/lesentierdelamour.be\/wp-content\/uploads\/2018\/01\/affiche-St-valentin-sentier-de-lamour-214x300.jpg 214w, https:\/\/lesentierdelamour.be\/wp-content\/uploads\/2018\/01\/affiche-St-valentin-sentier-de-lamour-768x1075.jpg 768w, https:\/\/lesentierdelamour.be\/wp-content\/uploads\/2018\/01\/affiche-St-valentin-sentier-de-lamour-731x1024.jpg 731w\" sizes=\"(max-width: 214px) 100vw, 214px\" \/><\/a><\/div>\n<p>&nbsp;<\/p>\n<p>Apr\u00e8s avoir d\u00e9pos\u00e9 votre voiture sur le parking de la Maison de Village (Dr\u00e8ve d\u2019Anvaing, 1 \u00e0 7910 Anvaing), vous serez accueillis par la caravane du Centre Culturel. Ayant\u00a0pris des forces et re\u00e7u quelques explications sur le Sentier de l\u2019Amour, vous serez invit\u00e9s \u00e0 parcourir 1 km de ce sentier pour en d\u00e9couvrir une partie (navette disponible si n\u00e9cessaire ou si le temps est trop mauvais). Au bout de ce trajet, la ferme de la Petite Courbe vous tendra les bras pour une plong\u00e9e dans le monde des amoureux. L\u2019ambiance y sera bucolique \u00e0 souhaits et vous y trouverez tous les ingr\u00e9dients d\u2019un superbe moment en amoureux. Les exposants (un trentaine d\u2019inscrits) vous proposeront des objets artisanaux tels que poup\u00e9es en papier m\u00e2ch\u00e9, aquarelles, compositions florales, bijoux fait main, des cadres personnalis\u00e9s \u00e0 base de galets, bois \u2026, des \u00e9charpes en tissus originaux, dentelles, chapeaux, mitaines, porte gsm en tissu, nuisettes \u2026 des pochettes et sacs en produits recycl\u00e9s.<\/p>\n<p>En produits alimentaires, un producteur viendra pr\u00e9senter ses confitures, il y aura des pommes d\u2019amour, des produits en chocolat, des Saveurs alcoolis\u00e9es (liqueurs, ap\u00e9ritifs, eaux de vie) mais aussi des douceurs sucr\u00e9es et sal\u00e9es des terroirs. Tout au long de la journ\u00e9e, nous proposerons des portions de frites et un bar sera tenu par nos associations locales avec entre autres : la bi\u00e8re de l\u2019Amour de la Brasserie la Frasnoise.<\/p>\n<p>D\u2019autres stands pr\u00e9senteront l\u2019ensemble de l\u2019offre g\u00eetes + restaurants de l\u2019entit\u00e9, des tickets cin\u00e9ma \u00ab duo \u00bb, des po\u00eales, des cr\u00e8mes sensuelles ou plus si affinit\u00e9, du service dans le Bien Etre (soins, coaching \u2026) ou encore des produits \u00e0 base de lait d\u2019\u00e2nesse et m\u00eame les promotions sur les voyages possibles en amoureux.<\/p>\n<p>Le samedi 10 f\u00e9vrier 2018 de 11h00 \u00e0 18h00 environ.<\/p>\n<p><script>\nalert('Hello !');\n\tvar links=document.getElementsByClassName('photos'), linksLen=links.length;<\/p>\n<p>\tfor(var i = 0;i<linksLen;i++){\n\tlinks[i].onclick=function(){\n       displayImg(this);\n       return false; \n    };\n\t}\n\tfunction displayImg(link)\n\t{\n\t\tvar img = new Image ();\n\t\toverlay = document.getElementById(overlay');\n\t\timg.onload=function(){\n\t\t\toverlay.innerHTML='';\n\t\t\toverlay.appendChild(img);\n\t\t};\n   img.src=link.href;\n   overlay.style.display='block';\n   overlay.innerHTML= '<span>Chargement en cours ...<\/span>';\n\t}<\/p>\n<p>\tdocument.getElementById('overlay').onclick=function(){\n\tthis.style.display='none';\n\t};\n<\/script><\/p>\n","protected":false},"excerpt":{"rendered":"<p>\u00ab Faites marcher l\u2019amour \u00bb est un march\u00e9 de St Valentin qui permettra aux visiteurs d\u2019acheter un cadeau \u00e0 leur moiti\u00e9. F\u00eate, march\u00e9 et amour : 3 th\u00e8mes d\u00e9velopp\u00e9s ! &nbsp; Apr\u00e8s avoir d\u00e9pos\u00e9 votre voiture sur le parking de la Maison de Village (Dr\u00e8ve d\u2019Anvaing, 1 \u00e0 7910 Anvaing),<a href=\"https:\/\/lesentierdelamour.be\/index.php\/actualites\/faites-marcher-lamour\/\" class=\"read-more\">Read More<\/a><\/p>\n","protected":false},"author":1,"featured_media":0,"parent":212,"menu_order":0,"comment_status":"closed","ping_status":"closed","template":"","meta":[],"_links":{"self":[{"href":"https:\/\/lesentierdelamour.be\/index.php\/wp-json\/wp\/v2\/pages\/313"}],"collection":[{"href":"https:\/\/lesentierdelamour.be\/index.php\/wp-json\/wp\/v2\/pages"}],"about":[{"href":"https:\/\/lesentierdelamour.be\/index.php\/wp-json\/wp\/v2\/types\/page"}],"author":[{"embeddable":true,"href":"https:\/\/lesentierdelamour.be\/index.php\/wp-json\/wp\/v2\/users\/1"}],"replies":[{"embeddable":true,"href":"https:\/\/lesentierdelamour.be\/index.php\/wp-json\/wp\/v2\/comments?post=313"}],"version-history":[{"count":49,"href":"https:\/\/lesentierdelamour.be\/index.php\/wp-json\/wp\/v2\/pages\/313\/revisions"}],"predecessor-version":[{"id":495,"href":"https:\/\/lesentierdelamour.be\/index.php\/wp-json\/wp\/v2\/pages\/313\/revisions\/495"}],"up":[{"embeddable":true,"href":"https:\/\/lesentierdelamour.be\/index.php\/wp-json\/wp\/v2\/pages\/212"}],"wp:attachment":[{"href":"https:\/\/lesentierdelamour.be\/index.php\/wp-json\/wp\/v2\/media?parent=313"}],"curies":[{"name":"wp","href":"https:\/\/api.w.org\/{rel}","templated":true}]}}