{"id":413,"date":"2020-04-13T11:53:40","date_gmt":"2020-04-13T10:53:40","guid":{"rendered":"http:\/\/lesentierdelamour.be\/?page_id=413"},"modified":"2020-11-22T19:06:44","modified_gmt":"2020-11-22T18:06:44","slug":"vers-sentier-enchante","status":"publish","type":"page","link":"https:\/\/lesentierdelamour.be\/index.php\/vers-sentier-enchante\/","title":{"rendered":"Vers le Sentier Enchant\u00e9"},"content":{"rendered":"<h1 class=\"page-title\">circuit commun : sentier de l\u2019Amour et sentier Enchant\u00e9<\/h1>\n<div class=\"content-ver-sep\"><\/div>\n<p>Pour le parcours, nous vous proposons d\u2019utiliser la carte des\u00a0<a href=\"https:\/\/www.visitwapi.be\/les-incontournables\/les-points-noeuds\/\" target=\"_blank\" rel=\"noopener noreferrer\">Points-Noeuds \u00e9dit\u00e9e par VisitWapi.<\/a><\/p>\n<p><a href=\"http:\/\/lesentierdelamour.be\/index.php\/vers-sentier-enchante\/circuit-commun-sentiers-de-lamour-enchante\/\">suite de l&rsquo;article &#8230;<\/a><\/p>\n<p>&nbsp;<\/p>\n<h1 class=\"page-title\">Le sentier Enchant\u00e9 \u2013 description<\/h1>\n<div class=\"content-ver-sep\"><\/div>\n<p>Il \u00e9tait une fois un parcours dessin\u00e9 dans les bois, qui faisait la part belle &#8230;<\/p>\n<p><a href=\"http:\/\/lesentierdelamour.be\/index.php\/vers-sentier-enchante\/le-sentier-enchante\/\">Suite de l&rsquo;article &#8230;<\/a><\/p>\n<div id=\"sconnect-is-installed\" style=\"display: none;\">2.12.0.0<\/div>\n<div id=\"sconnect-is-installed\" style=\"display: none;\">2.12.0.0<\/div>\n<div id=\"sconnect-is-installed\" style=\"display: none;\">2.12.0.0<\/div>\n<div id=\"sconnect-is-installed\" style=\"display: none;\">2.12.0.0<\/div>\n","protected":false},"excerpt":{"rendered":"<p>circuit commun : sentier de l\u2019Amour et sentier Enchant\u00e9 Pour le parcours, nous vous proposons d\u2019utiliser la carte des\u00a0Points-Noeuds \u00e9dit\u00e9e par VisitWapi. suite de l&rsquo;article &#8230; &nbsp; Le sentier Enchant\u00e9 \u2013 description Il \u00e9tait une fois un parcours dessin\u00e9 dans les bois, qui faisait la part belle &#8230; Suite de<a href=\"https:\/\/lesentierdelamour.be\/index.php\/vers-sentier-enchante\/\" class=\"read-more\">Read More<\/a><\/p>\n","protected":false},"author":1,"featured_media":0,"parent":0,"menu_order":2,"comment_status":"closed","ping_status":"closed","template":"","meta":[],"_links":{"self":[{"href":"https:\/\/lesentierdelamour.be\/index.php\/wp-json\/wp\/v2\/pages\/413"}],"collection":[{"href":"https:\/\/lesentierdelamour.be\/index.php\/wp-json\/wp\/v2\/pages"}],"about":[{"href":"https:\/\/lesentierdelamour.be\/index.php\/wp-json\/wp\/v2\/types\/page"}],"author":[{"embeddable":true,"href":"https:\/\/lesentierdelamour.be\/index.php\/wp-json\/wp\/v2\/users\/1"}],"replies":[{"embeddable":true,"href":"https:\/\/lesentierdelamour.be\/index.php\/wp-json\/wp\/v2\/comments?post=413"}],"version-history":[{"count":8,"href":"https:\/\/lesentierdelamour.be\/index.php\/wp-json\/wp\/v2\/pages\/413\/revisions"}],"predecessor-version":[{"id":499,"href":"https:\/\/lesentierdelamour.be\/index.php\/wp-json\/wp\/v2\/pages\/413\/revisions\/499"}],"wp:attachment":[{"href":"https:\/\/lesentierdelamour.be\/index.php\/wp-json\/wp\/v2\/media?parent=413"}],"curies":[{"name":"wp","href":"https:\/\/api.w.org\/{rel}","templated":true}]}}