{"id":433,"date":"2020-05-01T15:16:21","date_gmt":"2020-05-01T14:16:21","guid":{"rendered":"http:\/\/lesentierdelamour.be\/?page_id=433"},"modified":"2020-11-22T19:04:50","modified_gmt":"2020-11-22T18:04:50","slug":"circuit-commun-sentiers-de-lamour-enchante","status":"publish","type":"page","link":"https:\/\/lesentierdelamour.be\/index.php\/vers-sentier-enchante\/circuit-commun-sentiers-de-lamour-enchante\/","title":{"rendered":"circuit commun : sentier de l&rsquo;Amour et sentier Enchant\u00e9"},"content":{"rendered":"<p>Pour le parcours, nous vous proposons d&rsquo;utiliser la carte des <a href=\"https:\/\/www.visitwapi.be\/les-incontournables\/les-points-noeuds\/\" target=\"_blank\" rel=\"noopener noreferrer\">Points-Noeuds \u00e9dit\u00e9e par VisitWapi.<\/a><\/p>\n<ol>\n<li>En partant de la place d&rsquo;Anvaing, vous suivez le fl\u00e9chage du Sentier de l&rsquo;Amour que vous rep\u00e9rerez facilement en grimpant les escaliers qui m\u00e8nent \u00e0 l&rsquo;\u00e9glise et ce, jusque la Chapelle Saint-Damien.\u00a0 Ce sont les Points Noeuds suivants : 66-85-84-83<\/li>\n<li>A la Chapelle, vous quittez le Sentier de l&rsquo;Amour pour rejoindre le pied des collines par de petites voiries peu fr\u00e9quent\u00e9es (et par un pont sous la N60 !) : du Point Noeud 83 au Point Noeud 26<\/li>\n<li>Vous arrivez l\u00e0, \u00e0 gauche de ce carrefour d&rsquo;Ellignies, sur un bel espace am\u00e9nag\u00e9 en 2019 par le Service Espaces Verts de la commune de Frasnes-lez-Anvaing, qui est fait, le d\u00e9part du Sentier Enchant\u00e9.<\/li>\n<li>Quelques centaines de m\u00e8tres apr\u00e8s, prenez le sentier qui grimpe le long de la prairie.\u00a0 Admirez au passage <a href=\"https:\/\/www.frasnes-lez-anvaing.be\/a-la-une\/une-nouvelle-fascine-a-frasnes-lez-anvaing\" target=\"_blank\" rel=\"noopener noreferrer\">une fascine<\/a> r\u00e9alis\u00e9e par la commune de Frasnes et qui emp\u00eache la boue de se r\u00e9pandre sur la route et dans les habitations en cas de fortes pluies. Direction Point Noeud 34.\u00a0 Nous sommes l\u00e0 au point culminant de la balade (130 m d&rsquo;altitude)<\/li>\n<li>Il vous faut maintenant redescendre la Taillette vers les Bruy\u00e8res par un sentier qui traverse un bois : Points Noeuds 34-33-2-29<\/li>\n<li>Au Point 29, prenez la direction du Point 40 mais apr\u00e8s 200 m laissez la route vers ce Point 40 sur votre gauche et continuez tout droit.\u00a0 De m\u00eame au carrefour suivant juste apr\u00e8s.\u00a0 Visez un petit sentier non balis\u00e9 qui grimpe v\u00e9ritablement sur l&rsquo;assiette d&rsquo;une route jamais r\u00e9alis\u00e9e mais qui vous permet de rejoindre de mani\u00e8re tr\u00e8s agr\u00e9able le haut de la Dr\u00e8ve du Pureau.\u00a0 A la N60, traversez avec beaucoup de pr\u00e9caution et rejoignez par cette dr\u00e8ve le Point 87.\u00a0 Vous \u00eates \u00e0 nouveau sur le Sentier de l&rsquo;Amour.\u00a0 Admirez le ch\u00e2teau, l&rsquo;oeuvre de Narcisse sous le pont et puis reprenez cette carri\u00e8re qui longe la Rhosnes vers le Point Noeud 86 et la Dame Blanche.<\/li>\n<li>Vous rejoignez alors la place du village d&rsquo;Anvaing au PN 66.\u00a0 Si le caf\u00e9 de la Place Verte est ouvert, n&rsquo;h\u00e9sitez pas \u00e0 demander \u00e0 Linda une Anvinoise ou une bi\u00e8re de l&rsquo;Amour, brass\u00e9e par <a href=\"https:\/\/www.visitwapi.be\/brasserie-la-frasnoise\" target=\"_blank\" rel=\"noopener noreferrer\">la Frasnoise<\/a>. De m\u00eame sur la place, au caf\u00e9 El Been.<\/li>\n<\/ol>\n<p>En r\u00e9sum\u00e9, sans carte n\u00e9cessairement (sauf pour le passage le long de la N60 au retour), vous suivrez les PN 66-85-84-83-26-34-33-2-29-x-87-86-66<\/p>\n<p><a href=\"https:\/\/www.google.com\/maps\/d\/drive?state=%7B%22ids%22%3A%5B%221551TiaNIocKONIpRwaRzVWtP7ZI%22%5D%2C%22action%22%3A%22open%22%2C%22userId%22%3A%22100764076637689345901%22%7D&amp;usp=sharing\" target=\"_blank\" rel=\"noopener noreferrer\">Voici le visu du circuit complet <\/a>sur google maps (vous devez avoir un compte google)<\/p>\n<p><strong><span style=\"color: #008000;\">Astuce<\/span> :<\/strong><\/p>\n<p>T\u00e9l\u00e9chargez l&rsquo;application <strong>gpx viewer<\/strong> sur votre smartphone, ouvrez cette carte\u00a0<a href=\"http:\/\/lesentierdelamour.be\/wp-content\/uploads\/2020\/05\/sentiers-amour-et-enchant\u00e9-1.zip\" target=\"_blank\" rel=\"noopener noreferrer\">sentiers amour et enchant\u00e9<\/a>.gpx (qui a \u00e9t\u00e9 pr\u00e9alablement compress\u00e9e).\u00a0 Vous pouvez d\u00e8s lors vous g\u00e9olocaliser en direct sur le parcours !<\/p>\n<h3 class=\"LC20lb DKV0Md\"><\/h3>\n<p>&nbsp;<\/p>\n<div id=\"sconnect-is-installed\" style=\"display: none;\">2.12.0.0<\/div>\n<div id=\"sconnect-is-installed\" style=\"display: none;\">2.12.0.0<\/div>\n<div id=\"sconnect-is-installed\" style=\"display: none;\">2.12.0.0<\/div>\n<div id=\"sconnect-is-installed\" style=\"display: none;\">2.12.0.0<\/div>\n<div id=\"sconnect-is-installed\" style=\"display: none;\">2.12.0.0<\/div>\n<div id=\"sconnect-is-installed\" style=\"display: none;\">2.12.0.0<\/div>\n<div id=\"sconnect-is-installed\" style=\"display: none;\">2.12.0.0<\/div>\n<div id=\"sconnect-is-installed\" style=\"display: none;\">2.12.0.0<\/div>\n<div id=\"sconnect-is-installed\" style=\"display: none;\">2.12.0.0<\/div>\n<div id=\"sconnect-is-installed\" style=\"display: none;\">2.12.0.0<\/div>\n<div id=\"sconnect-is-installed\" style=\"display: none;\">2.12.0.0<\/div>\n<div id=\"sconnect-is-installed\" style=\"display: none;\">2.12.0.0<\/div>\n<div id=\"sconnect-is-installed\" style=\"display: none;\">2.12.0.0<\/div>\n<div id=\"sconnect-is-installed\" style=\"display: none;\">2.12.0.0<\/div>\n<div id=\"sconnect-is-installed\" style=\"display: none;\">2.12.0.0<\/div>\n","protected":false},"excerpt":{"rendered":"<p>Pour le parcours, nous vous proposons d&rsquo;utiliser la carte des Points-Noeuds \u00e9dit\u00e9e par VisitWapi. En partant de la place d&rsquo;Anvaing, vous suivez le fl\u00e9chage du Sentier de l&rsquo;Amour que vous rep\u00e9rerez facilement en grimpant les escaliers qui m\u00e8nent \u00e0 l&rsquo;\u00e9glise et ce, jusque la Chapelle Saint-Damien.\u00a0 Ce sont les Points<a href=\"https:\/\/lesentierdelamour.be\/index.php\/vers-sentier-enchante\/circuit-commun-sentiers-de-lamour-enchante\/\" class=\"read-more\">Read More<\/a><\/p>\n","protected":false},"author":1,"featured_media":0,"parent":413,"menu_order":0,"comment_status":"closed","ping_status":"closed","template":"","meta":[],"_links":{"self":[{"href":"https:\/\/lesentierdelamour.be\/index.php\/wp-json\/wp\/v2\/pages\/433"}],"collection":[{"href":"https:\/\/lesentierdelamour.be\/index.php\/wp-json\/wp\/v2\/pages"}],"about":[{"href":"https:\/\/lesentierdelamour.be\/index.php\/wp-json\/wp\/v2\/types\/page"}],"author":[{"embeddable":true,"href":"https:\/\/lesentierdelamour.be\/index.php\/wp-json\/wp\/v2\/users\/1"}],"replies":[{"embeddable":true,"href":"https:\/\/lesentierdelamour.be\/index.php\/wp-json\/wp\/v2\/comments?post=433"}],"version-history":[{"count":17,"href":"https:\/\/lesentierdelamour.be\/index.php\/wp-json\/wp\/v2\/pages\/433\/revisions"}],"predecessor-version":[{"id":498,"href":"https:\/\/lesentierdelamour.be\/index.php\/wp-json\/wp\/v2\/pages\/433\/revisions\/498"}],"up":[{"embeddable":true,"href":"https:\/\/lesentierdelamour.be\/index.php\/wp-json\/wp\/v2\/pages\/413"}],"wp:attachment":[{"href":"https:\/\/lesentierdelamour.be\/index.php\/wp-json\/wp\/v2\/media?parent=433"}],"curies":[{"name":"wp","href":"https:\/\/api.w.org\/{rel}","templated":true}]}}