{"id":464,"date":"2020-11-22T15:35:29","date_gmt":"2020-11-22T14:35:29","guid":{"rendered":"http:\/\/lesentierdelamour.be\/?page_id=464"},"modified":"2020-11-22T15:36:56","modified_gmt":"2020-11-22T14:36:56","slug":"wc-disponible-parcours","status":"publish","type":"page","link":"https:\/\/lesentierdelamour.be\/index.php\/infos-pratiques\/wc-disponible-parcours\/","title":{"rendered":"Un WC disponible sur le parcours !"},"content":{"rendered":"<p>Vu que les caf\u00e9s et restaurants sont ferm\u00e9s, il vous sera peut-\u00eatre plus utile qu&rsquo;en temps normal de trouver un WC sur votre route.<\/p>\n<p>C&rsquo;est chose faite !<\/p>\n<p>Notre pr\u00e9sident vous propose de vous arr\u00eater si n\u00e9cessaire dans la cour de sa ferme restaur\u00e9e \u00e0 la rue Delcourbe nr 1 (vous la reconna\u00eetrez facilement avec le g\u00eete de l&rsquo;Etang int\u00e9gr\u00e9 \u00e0 ce b\u00e2timent).<\/p>\n<p>Dans la cour, allez vers le garage qui se trouve directement \u00e0 gauche et vous y trouverez un WC.<\/p>\n<p>Merci de laisser les lieux dans le m\u00eame \u00e9tat de propret\u00e9 que vous l&rsquo;aurez trouv\u00e9.<\/p>\n<p>Bonne balade !<\/p>\n","protected":false},"excerpt":{"rendered":"<p>Vu que les caf\u00e9s et restaurants sont ferm\u00e9s, il vous sera peut-\u00eatre plus utile qu&rsquo;en temps normal de trouver un WC sur votre route. C&rsquo;est chose faite ! Notre pr\u00e9sident vous propose de vous arr\u00eater si n\u00e9cessaire dans la cour de sa ferme restaur\u00e9e \u00e0 la rue Delcourbe nr 1<a href=\"https:\/\/lesentierdelamour.be\/index.php\/infos-pratiques\/wc-disponible-parcours\/\" class=\"read-more\">Read More<\/a><\/p>\n","protected":false},"author":1,"featured_media":0,"parent":11,"menu_order":0,"comment_status":"closed","ping_status":"closed","template":"","meta":[],"_links":{"self":[{"href":"https:\/\/lesentierdelamour.be\/index.php\/wp-json\/wp\/v2\/pages\/464"}],"collection":[{"href":"https:\/\/lesentierdelamour.be\/index.php\/wp-json\/wp\/v2\/pages"}],"about":[{"href":"https:\/\/lesentierdelamour.be\/index.php\/wp-json\/wp\/v2\/types\/page"}],"author":[{"embeddable":true,"href":"https:\/\/lesentierdelamour.be\/index.php\/wp-json\/wp\/v2\/users\/1"}],"replies":[{"embeddable":true,"href":"https:\/\/lesentierdelamour.be\/index.php\/wp-json\/wp\/v2\/comments?post=464"}],"version-history":[{"count":1,"href":"https:\/\/lesentierdelamour.be\/index.php\/wp-json\/wp\/v2\/pages\/464\/revisions"}],"predecessor-version":[{"id":465,"href":"https:\/\/lesentierdelamour.be\/index.php\/wp-json\/wp\/v2\/pages\/464\/revisions\/465"}],"up":[{"embeddable":true,"href":"https:\/\/lesentierdelamour.be\/index.php\/wp-json\/wp\/v2\/pages\/11"}],"wp:attachment":[{"href":"https:\/\/lesentierdelamour.be\/index.php\/wp-json\/wp\/v2\/media?parent=464"}],"curies":[{"name":"wp","href":"https:\/\/api.w.org\/{rel}","templated":true}]}}