{"id":474,"date":"2020-11-22T17:08:57","date_gmt":"2020-11-22T16:08:57","guid":{"rendered":"http:\/\/lesentierdelamour.be\/?page_id=474"},"modified":"2020-11-22T19:28:27","modified_gmt":"2020-11-22T18:28:27","slug":"les-haies-du-chateau","status":"publish","type":"page","link":"https:\/\/lesentierdelamour.be\/index.php\/infos-pratiques\/a-voir-long-parcours\/les-haies-du-chateau\/","title":{"rendered":"les haies du Ch\u00e2teau &#8230;"},"content":{"rendered":"<h1>Les haies des Comtes de Lannoy, propri\u00e9taires du ch\u00e2teau d&rsquo;Anvaing.<\/h1>\n<p style=\"padding-left: 30px;\">Monsieur le Comte Amaury nous explique que sa famille s&rsquo;est fix\u00e9e comme objectif de planter 1 km de haie par an et cela dure d\u00e9j\u00e0 depuis 2014 !\u00a0 Les haies sont compos\u00e9es de 19 esp\u00e8ces d&rsquo;arbustes diff\u00e9rents dans le but d&rsquo;apporter un maximum de couverture et de nourriture \u00e0 la petite faune et aux insectes durant toute les p\u00e9riodes de l\u2019ann\u00e9e. Voici les esp\u00e8ces composant g\u00e9n\u00e9ralement les haies\u00a0:<\/p>\n<p style=\"padding-left: 60px;\">Aub\u00e9pine \u00e0 un style (Crataegus monogyna )<\/p>\n<p style=\"padding-left: 60px;\">Aulne glutineux (Alnus glutinosa )<\/p>\n<p style=\"padding-left: 60px;\">Bourdaine (Frangula alnus )<\/p>\n<p style=\"padding-left: 60px;\">Charme (Carpinus betulus )<\/p>\n<p style=\"padding-left: 60px;\">Cornouiller m\u00e2le (Cornus mas)<\/p>\n<p style=\"padding-left: 60px;\">Cornouiller sanguin (Cornus sanguinea)<\/p>\n<p style=\"padding-left: 60px;\">Eglantier (Rosa canina )<\/p>\n<p style=\"padding-left: 60px;\">Fusain d\u2019Europe (Evonymus europaeus )<\/p>\n<p style=\"padding-left: 60px;\">Groseiller rouge (Ribes rubrum)<\/p>\n<p style=\"padding-left: 60px;\">Groseiller \u00e0 maquereaux (Ribes uva crispa)<\/p>\n<p style=\"padding-left: 60px;\">Merisier (Prunus avium)<\/p>\n<p style=\"padding-left: 60px;\">Framboisiers (Rubus ideaus)<\/p>\n<p style=\"padding-left: 60px;\">N\u00e9flier (Mespilus germanica)<\/p>\n<p style=\"padding-left: 60px;\">Noisetier (Corylus avellana )<\/p>\n<p style=\"padding-left: 60px;\">Prunellier (Prunus spinosa )<\/p>\n<p style=\"padding-left: 60px;\">Cassis (Ribes nigrum)<\/p>\n<p style=\"padding-left: 60px;\">Viorne lantane (Viburnum lantana)<\/p>\n<p style=\"padding-left: 60px;\">Viorne obier (Viburnum opulus)<\/p>\n<p style=\"padding-left: 30px;\"><img decoding=\"async\" loading=\"lazy\" class=\"alignnone size-medium wp-image-471\" src=\"http:\/\/lesentierdelamour.be\/wp-content\/uploads\/2020\/04\/wildlife-estates-225x300.jpg\" alt=\"\" width=\"225\" height=\"300\" srcset=\"https:\/\/lesentierdelamour.be\/wp-content\/uploads\/2020\/04\/wildlife-estates-225x300.jpg 225w, https:\/\/lesentierdelamour.be\/wp-content\/uploads\/2020\/04\/wildlife-estates.jpg 336w\" sizes=\"(max-width: 225px) 100vw, 225px\" \/><\/p>\n<p style=\"padding-left: 30px;\">Aid\u00e9 par le\u00a0<a href=\"http:\/\/www.wildlife-estates.eu\/countries.php?lang=BE\">Wildlife Estates<\/a>, ce projet participe \u00e0 une gestion agroalimentaire des terres cultiv\u00e9es en cr\u00e9ant des zones refuges pour les insectes, les mammif\u00e8res et les oiseaux.\u00a0 Les haies\u00a0prot\u00e8gent les cultures et am\u00e9liorent le sol tout en servant d\u2019abri et de garde-manger pour les insectes auxiliaires et les oiseaux :\u00a0elles font partie des am\u00e9nagements les plus propices \u00e0 la biodiversit\u00e9 sur une exploitation agricole. En prot\u00e9geant les cultures contre le vent, en favorisant le stockage d&rsquo;eau, en favorisant les insectes auxiliaires capables de r\u00e9guler les attaques aux cultures, l&rsquo;agriculteur se tourne ainsi fi\u00e8rement vers une agriculture responsable et qui participera \u00e0 terme \u00e0 un gain sur sa productivit\u00e9<img decoding=\"async\" loading=\"lazy\" class=\"size-medium wp-image-469 aligncenter\" src=\"http:\/\/lesentierdelamour.be\/wp-content\/uploads\/2020\/04\/agriculteur-engag\u00e9-225x300.jpg\" alt=\"\" width=\"225\" height=\"300\" srcset=\"https:\/\/lesentierdelamour.be\/wp-content\/uploads\/2020\/04\/agriculteur-engag\u00e9-225x300.jpg 225w, https:\/\/lesentierdelamour.be\/wp-content\/uploads\/2020\/04\/agriculteur-engag\u00e9.jpg 336w\" sizes=\"(max-width: 225px) 100vw, 225px\" \/>.<\/p>\n<p style=\"padding-left: 30px;\">Le paysage d&rsquo;Anvaing prend ainsi petit \u00e0 petit l&rsquo;aspect d&rsquo;un bocage o\u00f9 il fait bon se balader.\u00a0 En contrepartie, comme il est rappel\u00e9 sur les panneaux de\u00a0<a href=\"https:\/\/www.natagriwal.be\/\">Natagriwal<\/a>, \u00e9vitez de l\u00e2cher votre chien ou de vous promener hors des sentiers et chemins balis\u00e9s : cela contribuera au maintien de cette zone naturelle.<\/p>\n<p style=\"padding-left: 30px;\">Si vous voulez am\u00e9liorer la biodiversit\u00e9 et la qualit\u00e9 des paysages, recr\u00e9er un maillage \u00e9cologique et lutter contre l&rsquo;\u00e9rosion des sols, plantez des haies chez vous.\u00a0 Le Service public de Wallonie octroie aux propri\u00e9taires de terrains situ\u00e9s sur le territoire de la r\u00e9gion wallonne, une subvention pour la plantation d&rsquo;une haie vive, d&rsquo;un taillis lin\u00e9aire, d&rsquo;un verger et d&rsquo;alignement d&rsquo;arbres ainsi que pour l&rsquo;entretien des arbres t\u00eatards.<\/p>\n<p style=\"padding-left: 30px;\">Le montant de la subvention est calcul\u00e9 sur une base forfaitaire r\u00e9glement\u00e9e variant selon le type de plantation. Un montant forfaitaire est \u00e9galement accord\u00e9 pour l&rsquo;entretien des arbres t\u00eatards.<\/p>\n<p style=\"padding-left: 30px;\">Les montants forfaitaires sont multipli\u00e9s par 1,5 lorsque les travaux sont r\u00e9alis\u00e9s par une entreprise sp\u00e9cialis\u00e9e pour le type de travaux concern\u00e9s sans toutefois d\u00e9passer 80% du montant total des factures.<\/p>\n<p style=\"padding-left: 30px;\">Cette subvention s&rsquo;inscrit entre autres dans le cadre de l&rsquo;objectif ambitieux de la plantation de 4000 km de haies et\/ou d&rsquo;un million d&rsquo;arbres \u00ab\u00a0Yes we plant\u00a0\u00bb.<\/p>\n<p style=\"padding-left: 30px;\">Toute information compl\u00e9mentaire sur le site de la\u00a0<a href=\"https:\/\/www.wallonie.be\/fr\/demarches\/demander-une-subvention-pour-la-plantation-dune-haie-vive-dun-taillis-lineaire-dun-verger-et\">R\u00e9gion Wallonne<\/a>.<\/p>\n","protected":false},"excerpt":{"rendered":"<p>Les haies des Comtes de Lannoy, propri\u00e9taires du ch\u00e2teau d&rsquo;Anvaing. Monsieur le Comte Amaury nous explique que sa famille s&rsquo;est fix\u00e9e comme objectif de planter 1 km de haie par an et cela dure d\u00e9j\u00e0 depuis 2014 !\u00a0 Les haies sont compos\u00e9es de 19 esp\u00e8ces d&rsquo;arbustes diff\u00e9rents dans le but<a href=\"https:\/\/lesentierdelamour.be\/index.php\/infos-pratiques\/a-voir-long-parcours\/les-haies-du-chateau\/\" class=\"read-more\">Read More<\/a><\/p>\n","protected":false},"author":1,"featured_media":0,"parent":410,"menu_order":0,"comment_status":"closed","ping_status":"closed","template":"","meta":[],"_links":{"self":[{"href":"https:\/\/lesentierdelamour.be\/index.php\/wp-json\/wp\/v2\/pages\/474"}],"collection":[{"href":"https:\/\/lesentierdelamour.be\/index.php\/wp-json\/wp\/v2\/pages"}],"about":[{"href":"https:\/\/lesentierdelamour.be\/index.php\/wp-json\/wp\/v2\/types\/page"}],"author":[{"embeddable":true,"href":"https:\/\/lesentierdelamour.be\/index.php\/wp-json\/wp\/v2\/users\/1"}],"replies":[{"embeddable":true,"href":"https:\/\/lesentierdelamour.be\/index.php\/wp-json\/wp\/v2\/comments?post=474"}],"version-history":[{"count":3,"href":"https:\/\/lesentierdelamour.be\/index.php\/wp-json\/wp\/v2\/pages\/474\/revisions"}],"predecessor-version":[{"id":505,"href":"https:\/\/lesentierdelamour.be\/index.php\/wp-json\/wp\/v2\/pages\/474\/revisions\/505"}],"up":[{"embeddable":true,"href":"https:\/\/lesentierdelamour.be\/index.php\/wp-json\/wp\/v2\/pages\/410"}],"wp:attachment":[{"href":"https:\/\/lesentierdelamour.be\/index.php\/wp-json\/wp\/v2\/media?parent=474"}],"curies":[{"name":"wp","href":"https:\/\/api.w.org\/{rel}","templated":true}]}}