{"id":476,"date":"2020-11-22T17:11:15","date_gmt":"2020-11-22T16:11:15","guid":{"rendered":"http:\/\/lesentierdelamour.be\/?page_id=476"},"modified":"2020-11-22T17:34:05","modified_gmt":"2020-11-22T16:34:05","slug":"les-fascines","status":"publish","type":"page","link":"https:\/\/lesentierdelamour.be\/index.php\/infos-pratiques\/a-voir-long-parcours\/les-fascines\/","title":{"rendered":"les fascines &#8230;"},"content":{"rendered":"<h1>Les fascines de\u00a0<a href=\"http:\/\/www.frasnes-lez-anvaing.be\">Frasnes-lez-Anvaing<\/a>.<\/h1>\n<p style=\"padding-left: 30px;\">C&rsquo;est une v\u00e9ritable task force qui s&rsquo;est cr\u00e9\u00e9e pour lutter contre les inondations dans nos collines.\u00a0 En effet, les boues emport\u00e9es par les averses aux flancs de nos collines ont vite fait de remplir les foss\u00e9s et de se r\u00e9pandre sur les voiries, dans les jardins et parfois m\u00eame dans les habitations.<\/p>\n<p style=\"padding-left: 30px;\"><a href=\"http:\/\/www.frasnes-lez-anvaing.be\">La commune de Frasnes-Lez-Anvaing<\/a> s&rsquo;est associ\u00e9e au Parc Naturel du Pays des Collines, \u00e0 la cellule GISER du SPW (Gestion Int\u00e9gr\u00e9e SOL, Erosion et Ruissellement) ainsi qu&rsquo;avec le Contrat Rivi\u00e8re Escaut Lys ou celui de la Dendre pour diminuer les coul\u00e9es de boue lors de violentes averses.<\/p>\n<p style=\"padding-left: 30px;\">La fascine \u00e0 paille est un am\u00e9nagement facile \u00e0 mettre en oeuvre.\u00a0 C&rsquo;est une barri\u00e8re perm\u00e9able constitu\u00e9e de paille prise en sandwich entre deux grillages tendus sur des piquets.\u00a0 Elle est plac\u00e9e en limite de cultures et perpendiculairement \u00e0 l&rsquo;axe d&rsquo;\u00e9coulement.\u00a0 Cette barri\u00e8re filtre et ralentit l&rsquo;eau favorisant ainsi la s\u00e9dimentation de la terre en amont.\u00a0 En aval, l&rsquo;eau est moins charg\u00e9e en boue et son \u00e9coulement plus facile.<\/p>\n<p style=\"padding-left: 30px;\">Vous pouvez en voir une sur la boucle du Sentier Enchant\u00e9, d\u00e8s que vous quittez la route d&rsquo;Ellignies pour grimper entre 2 prairies vers le bois de Martimont.\u00a0 Une autre est visible aussi en haut du bois de Martimont, \u00e0 l&rsquo;approche de la Chapelle Notre Dame, point culminant de la balade d&rsquo;ailleurs.\u00a0 Ici, r\u00e9guli\u00e8rement, l&rsquo;habitation en contrebas de la route devait subir ces coul\u00e9es de boue.\u00a0 Le service travaux de la commune a r\u00e9cemment (septembre 2020) install\u00e9 2 fascines avec l&rsquo;accord de l&rsquo;agriculteur qui a accept\u00e9 de sacrifier quelques m2 de son champ. (notez que cela lui permet aussi de r\u00e9cup\u00e9rer les boues et de les r\u00e9pandre \u00e0 nouveau sur son champ et limiter ainsi l&rsquo;\u00e9rosion). Les 2 fascines sont impressionnantes : une fait 10 m\u00e8tres de long et l&rsquo;autre fait 25 m ! elles seront bient\u00f4t reli\u00e9es par des buttes de terres pour canaliser encore mieux ces boues capricieuses !<\/p>\n<p style=\"padding-left: 30px;\">Voici la fascine du Bois de Martimont : <em>(photo tir\u00e9e du site de la commune de Frasnes)<\/em><\/p>\n<p style=\"padding-left: 30px;\"><img decoding=\"async\" loading=\"lazy\" class=\"alignnone size-medium wp-image-482\" src=\"http:\/\/lesentierdelamour.be\/wp-content\/uploads\/2020\/11\/fascine-bois-martimont-300x225.jpeg\" alt=\"\" width=\"300\" height=\"225\" srcset=\"https:\/\/lesentierdelamour.be\/wp-content\/uploads\/2020\/11\/fascine-bois-martimont-300x225.jpeg 300w, https:\/\/lesentierdelamour.be\/wp-content\/uploads\/2020\/11\/fascine-bois-martimont.jpeg 600w\" sizes=\"(max-width: 300px) 100vw, 300px\" \/><\/p>\n<p style=\"padding-left: 30px;\">et une fascine apr\u00e8s un orage.\u00a0 On y voit toute l&rsquo;efficacit\u00e9 d&rsquo;un tel dispositif.\u00a0<em>(photo tir\u00e9e du site de la commune de Frasnes)<\/em><\/p>\n<p style=\"padding-left: 30px;\"><img decoding=\"async\" loading=\"lazy\" class=\"alignnone size-medium wp-image-481\" src=\"http:\/\/lesentierdelamour.be\/wp-content\/uploads\/2020\/11\/fascine-apr\u00e8s-un-orage-300x199.jpeg\" alt=\"\" width=\"300\" height=\"199\" srcset=\"https:\/\/lesentierdelamour.be\/wp-content\/uploads\/2020\/11\/fascine-apr\u00e8s-un-orage-300x199.jpeg 300w, https:\/\/lesentierdelamour.be\/wp-content\/uploads\/2020\/11\/fascine-apr\u00e8s-un-orage.jpeg 600w\" sizes=\"(max-width: 300px) 100vw, 300px\" \/><\/p>\n","protected":false},"excerpt":{"rendered":"<p>Les fascines de\u00a0Frasnes-lez-Anvaing. C&rsquo;est une v\u00e9ritable task force qui s&rsquo;est cr\u00e9\u00e9e pour lutter contre les inondations dans nos collines.\u00a0 En effet, les boues emport\u00e9es par les averses aux flancs de nos collines ont vite fait de remplir les foss\u00e9s et de se r\u00e9pandre sur les voiries, dans les jardins et<a href=\"https:\/\/lesentierdelamour.be\/index.php\/infos-pratiques\/a-voir-long-parcours\/les-fascines\/\" class=\"read-more\">Read More<\/a><\/p>\n","protected":false},"author":1,"featured_media":0,"parent":410,"menu_order":0,"comment_status":"closed","ping_status":"closed","template":"","meta":[],"_links":{"self":[{"href":"https:\/\/lesentierdelamour.be\/index.php\/wp-json\/wp\/v2\/pages\/476"}],"collection":[{"href":"https:\/\/lesentierdelamour.be\/index.php\/wp-json\/wp\/v2\/pages"}],"about":[{"href":"https:\/\/lesentierdelamour.be\/index.php\/wp-json\/wp\/v2\/types\/page"}],"author":[{"embeddable":true,"href":"https:\/\/lesentierdelamour.be\/index.php\/wp-json\/wp\/v2\/users\/1"}],"replies":[{"embeddable":true,"href":"https:\/\/lesentierdelamour.be\/index.php\/wp-json\/wp\/v2\/comments?post=476"}],"version-history":[{"count":3,"href":"https:\/\/lesentierdelamour.be\/index.php\/wp-json\/wp\/v2\/pages\/476\/revisions"}],"predecessor-version":[{"id":484,"href":"https:\/\/lesentierdelamour.be\/index.php\/wp-json\/wp\/v2\/pages\/476\/revisions\/484"}],"up":[{"embeddable":true,"href":"https:\/\/lesentierdelamour.be\/index.php\/wp-json\/wp\/v2\/pages\/410"}],"wp:attachment":[{"href":"https:\/\/lesentierdelamour.be\/index.php\/wp-json\/wp\/v2\/media?parent=476"}],"curies":[{"name":"wp","href":"https:\/\/api.w.org\/{rel}","templated":true}]}}