{"id":512,"date":"2023-02-18T16:36:31","date_gmt":"2023-02-18T15:36:31","guid":{"rendered":"http:\/\/lesentierdelamour.be\/?page_id=512"},"modified":"2023-03-08T08:12:02","modified_gmt":"2023-03-08T07:12:02","slug":"restaurants-cafes","status":"publish","type":"page","link":"https:\/\/lesentierdelamour.be\/index.php\/restaurants-cafes\/","title":{"rendered":"Restaurants-caf\u00e9s"},"content":{"rendered":"<p>Voici la liste des restaurants, caf\u00e9s, snacks et h\u00f4tels de Frasnes-Lez-Anvaing.\u00a0 Vous trouverez plus de d\u00e9tail sur le document (pas encore tr\u00e8s lisible) tout en dessous.\u00a0 Ce docuement est disponible en version papier dans chaque \u00e9tablissement frasnois.<\/p>\n<h1>RESTAURANTS<\/h1>\n<p><strong><a href=\"http:\/\/www.restaurantlesmarronniers.be\" target=\"_blank\" rel=\"noopener noreferrer\">Les Marronniers<\/a><\/strong><\/p>\n<p>Rue Vertes Feuilles 7 &#8211; 7912 Frasnes-lez-Anvaing<\/p>\n<p>T\u00e9l: +32(0)69 76 99 58<\/p>\n<p>info@restaurantlesmarronniers.be<\/p>\n<p><strong>Verres et Couverts \/ la gazetta &#8211; pizzeria<\/strong><\/p>\n<p>Route d\u2019Hacquegnies 9<\/p>\n<p>7911 Frasnes-lez-Anvaing<\/p>\n<p>T\u00e9l: +32(0)69 57 91 14<\/p>\n<p>verresetcouverts@gmail.com<\/p>\n<p><strong><a href=\"http:\/\/www.mamagre.be\" target=\"_blank\" rel=\"noopener noreferrer\">Mamagr\u00e9<\/a><\/strong><\/p>\n<p>Rue des Blancs Arbres 9 &#8211; 7911 Frasnes-lez-Anvaing<\/p>\n<p>T\u00e9l: +32(0)69 57 76 19<\/p>\n<p>info@mamagre.be<\/p>\n<p><a href=\"http:\/\/www.pizzapizzico.com\" target=\"_blank\" rel=\"noopener noreferrer\"><strong>Pizza Pizzico<\/strong><\/a><\/p>\n<p>Rue du Caillois 3 &#8211; 7910 Frasnes-lez-Anvaing<\/p>\n<p>T\u00e9l: +32(0)497 21 06 74<\/p>\n<p>info@pizzapizzico.com<\/p>\n<p><strong>La Grande Muraille<\/strong><\/p>\n<p>Chauss\u00e9e de Renaix 151 &#8211; 7912 Frasnes-lez-Anvaing<\/p>\n<p>T\u00e9l: +32(0)69 76 64 05<\/p>\n<p>lagrandemurailledergneau@outlook.com<\/p>\n<p><a href=\"http:\/\/www.brasserie-frasnoise.be\" target=\"_blank\" rel=\"noopener noreferrer\"><strong>Brasserie La Frasnoise<\/strong><\/a><\/p>\n<p>Rue Basse 5 &#8211; 7911 Frasnes-lez-Anvaing<\/p>\n<p>T\u00e9l: +32(0)495 42 60 38<\/p>\n<p>info@brasserie-frasnoise.be<\/p>\n<p><strong>R\u00eaves et D\u00e9lices<\/strong><\/p>\n<p>Chauss\u00e9e de Brunehaut 34 &#8211; 7911 Frasnes-lez-Anvaing<\/p>\n<p>T\u00e9l: +32(0)499 61 67 01<\/p>\n<p>info@revesetdelices.com<\/p>\n<p><strong>L\u2019Etang des L\u00e9gendes<\/strong><\/p>\n<p>Place de Montroeul-au-Bois 2<\/p>\n<p>7911 Frasnes-lez-Anvaing<\/p>\n<p>T\u00e9l: +32(0)487 250 255<\/p>\n<p>www.letangdeslegendes.com<\/p>\n<p>&nbsp;<\/p>\n<p><a href=\"http:\/\/www.leblablabla.be\" target=\"_blank\" rel=\"noopener noreferrer\"><strong>Bla Bla Bla<\/strong><\/a><\/p>\n<p>Rue Bruy\u00e8re Seutine 18 &#8211; 7912 Frasnes-lez-Anvaing<\/p>\n<p>T\u00e9l: +32(0)491 07 16 92<\/p>\n<p>marie-line.willocq@hotmail.fr<\/p>\n<p><strong>La Maison Blanche<\/strong><\/p>\n<p>Place 4 &#8211; 7912 Frasnes-lez-Anvaing<\/p>\n<p>T\u00e9l: +32(0)69 21 29 21<\/p>\n<p><a href=\"http:\/\/www.vertes-feuilles.be\" target=\"_blank\" rel=\"noopener noreferrer\"><strong>Domaine Les Vertes Feuilles<\/strong><\/a><\/p>\n<p>Avenue des Hauts 18 &#8211; 7912 Frasnes-lez-Anvaing<\/p>\n<p>T\u00e9l: +32(0)475 46 17 56<\/p>\n<p>info@vertes-feuilles.be<\/p>\n<h1>SNACKS<\/h1>\n<p><strong>Cheyan<\/strong><\/p>\n<p>Place de la Station 13 &#8211; 7911 Frasnes-lez-Anvaing<\/p>\n<p>T\u00e9l: +32(0)69 54 86 23<\/p>\n<p><strong>Au Meilleur de la Frite<\/strong><\/p>\n<p>Chauss\u00e9e de Renaix 55a &#8211; 7910 Frasnes-lez-Anvaing<\/p>\n<p>T\u00e9l: +32(0)69 44 16 05<\/p>\n<p><strong>Friterie N60<\/strong><\/p>\n<p>Chauss\u00e9e de Renaix 95 &#8211; 7912 Frasnes-lez-Anvaing<\/p>\n<p>T\u00e9l: +32(0)69 22 12 14<\/p>\n<p><strong>Friterie La Forge<\/strong><\/p>\n<p>Grand Place 9a &#8211; 7911 Frasnes-lez-Anvaing<\/p>\n<p>T\u00e9l: +32(0)499 40 87 45<\/p>\n<h1>HOTELS<\/h1>\n<p><a href=\"http:\/\/www.vertes-feuilles.be\" target=\"_blank\" rel=\"noopener noreferrer\"><strong>domaine Les Vertes Feuilles<\/strong><\/a><\/p>\n<p>Avenue des Hauts 18 &#8211; 7912 Frasnes-lez-Anvaing<\/p>\n<p>T\u00e9l: +32(0)475 46 17 56<\/p>\n<p>info@vertes-feuilles.be<\/p>\n<p><strong>les hauts des collines<\/strong><\/p>\n<p>Rue Bous\u00e9e, 2 &#8211; 7911 Frasnes-lez-Anvaing<\/p>\n<p>T\u00e9l: +32(0)492 73 94 68<\/p>\n<h1>CAFES<\/h1>\n<p><strong>Le Belle-Vue<\/strong><br \/>\nRue L\u00e9on Desmottes 82 &#8211; 7911 Frasnes-lez-Anvaing<\/p>\n<p><strong>Chez Pat<\/strong><br \/>\nRue Ponchaux 10 &#8211; 7910 Frasnes-lez-Anvaing<\/p>\n<p><strong>Au Salon<\/strong><br \/>\nPlace Verte 5 &#8211; 7910 Frasnes-lez-Anvaing<\/p>\n<p><strong>Chez Jacqueline<\/strong><br \/>\nPlace Charles Lenoir 8 &#8211; 7911 Frasnes-lez-Anvaing<\/p>\n<p><strong>El Been<\/strong><br \/>\nPlace d\u2019Anvaing 33 &#8211; 7910 Frasnes-lez-Anvaing<\/p>\n<p><strong>beer circus shop<\/strong><\/p>\n<p>Rue Tour Notre-Dame &#8211; 7910 Frasnes-lez-Anvaing<\/p>\n<p><strong>Au Hall<\/strong><br \/>\nHall sportif des Collines<\/p>\n<p>Rue Fauvette 6 &#8211; 7911 Frasnes-lez-Anvaing<\/p>\n<p><strong>Brasserie La Frasnoise<\/strong><br \/>\nRue Basse 5 &#8211; 7911 Frasnes-lez-Anvaing<\/p>\n<p><strong>Le Tampon<\/strong><br \/>\nGrand\u2019Place 9 &#8211; 7911 Frasnes-lez-Anvaing<\/p>\n<p><strong>Le Cland\u00e9 du Bootlegger<\/strong><br \/>\nCoquer\u00e9aumont 12 &#8211; 7911 Frasnes-lez-Anvaing<\/p>\n<p><img decoding=\"async\" loading=\"lazy\" class=\"alignnone size-medium wp-image-527\" src=\"http:\/\/lesentierdelamour.be\/wp-content\/uploads\/2023\/02\/D\u00e9pliant-horeca-300x213.jpg\" alt=\"\" width=\"300\" height=\"213\" srcset=\"https:\/\/lesentierdelamour.be\/wp-content\/uploads\/2023\/02\/D\u00e9pliant-horeca-300x213.jpg 300w, https:\/\/lesentierdelamour.be\/wp-content\/uploads\/2023\/02\/D\u00e9pliant-horeca-768x545.jpg 768w, https:\/\/lesentierdelamour.be\/wp-content\/uploads\/2023\/02\/D\u00e9pliant-horeca-1024x727.jpg 1024w\" sizes=\"(max-width: 300px) 100vw, 300px\" \/><\/p>\n","protected":false},"excerpt":{"rendered":"<p>Voici la liste des restaurants, caf\u00e9s, snacks et h\u00f4tels de Frasnes-Lez-Anvaing.\u00a0 Vous trouverez plus de d\u00e9tail sur le document (pas encore tr\u00e8s lisible) tout en dessous.\u00a0 Ce docuement est disponible en version papier dans chaque \u00e9tablissement frasnois. RESTAURANTS Les Marronniers Rue Vertes Feuilles 7 &#8211; 7912 Frasnes-lez-Anvaing T\u00e9l: +32(0)69 76<a href=\"https:\/\/lesentierdelamour.be\/index.php\/restaurants-cafes\/\" class=\"read-more\">Read More<\/a><\/p>\n","protected":false},"author":1,"featured_media":0,"parent":0,"menu_order":8,"comment_status":"closed","ping_status":"closed","template":"","meta":[],"_links":{"self":[{"href":"https:\/\/lesentierdelamour.be\/index.php\/wp-json\/wp\/v2\/pages\/512"}],"collection":[{"href":"https:\/\/lesentierdelamour.be\/index.php\/wp-json\/wp\/v2\/pages"}],"about":[{"href":"https:\/\/lesentierdelamour.be\/index.php\/wp-json\/wp\/v2\/types\/page"}],"author":[{"embeddable":true,"href":"https:\/\/lesentierdelamour.be\/index.php\/wp-json\/wp\/v2\/users\/1"}],"replies":[{"embeddable":true,"href":"https:\/\/lesentierdelamour.be\/index.php\/wp-json\/wp\/v2\/comments?post=512"}],"version-history":[{"count":7,"href":"https:\/\/lesentierdelamour.be\/index.php\/wp-json\/wp\/v2\/pages\/512\/revisions"}],"predecessor-version":[{"id":528,"href":"https:\/\/lesentierdelamour.be\/index.php\/wp-json\/wp\/v2\/pages\/512\/revisions\/528"}],"wp:attachment":[{"href":"https:\/\/lesentierdelamour.be\/index.php\/wp-json\/wp\/v2\/media?parent=512"}],"curies":[{"name":"wp","href":"https:\/\/api.w.org\/{rel}","templated":true}]}}