{"id":516,"date":"2023-02-18T16:38:50","date_gmt":"2023-02-18T15:38:50","guid":{"rendered":"http:\/\/lesentierdelamour.be\/?page_id=516"},"modified":"2023-06-25T07:22:32","modified_gmt":"2023-06-25T06:22:32","slug":"hebergements","status":"publish","type":"page","link":"https:\/\/lesentierdelamour.be\/index.php\/hebergements\/","title":{"rendered":"H\u00e9bergements"},"content":{"rendered":"<p>Voici la liste des g\u00eetes de Frasnes-Lez-Anvaing.\u00a0 Pour plus de d\u00e9tails, n&rsquo;h\u00e9sitez pas \u00e0 cliquer sur le lien ou \u00e0 prendre connaissance des informations g\u00e9n\u00e9rales sur le document (pas encore tr\u00e8s lisible) tout en dessous et qui est disponible en version papier dans chaque \u00e9tablissement !<\/p>\n<p><a href=\"https:\/\/m.facebook.com\/story.php?story_fbid=pfbid027SfiT1kdwz4E2kZo5ZvNXYntWZaHAa3D2ez456eMg7Jz5XdbuiwdGV2B8JwomxLFl&amp;id=100093022545756&amp;sfnsn=mo\"><strong>l&rsquo;Abri dela Chouette<\/strong><\/a><\/p>\n<p>Buissenal, le long du GR 129<\/p>\n<p>T\u00e9l :\u00a00499\/94.43.77<\/p>\n<p><a href=\"mailto:abri.chouette@gmail.com\" target=\"_blank\" rel=\"noopener noreferrer\">abri.chouette@gmail.com<\/a><\/p>\n<p><a href=\"http:\/\/www.relaism.be\" target=\"_blank\" rel=\"noopener noreferrer\"><strong>Relais M<\/strong><\/a><\/p>\n<p>Rue Belle-Eau 43 &#8211; 7911 Frasnes-lez-Anvaing<\/p>\n<p>T\u00e9l: +32(0)499 35 30 93<\/p>\n<p>info@relaism.be<\/p>\n<p><a href=\"https:\/\/les-jardins-du-gauquier.business.site\/?utm_source=gmb&amp;utm_medium=referral\"><strong>Les Jardins du Gauquier<\/strong><\/a><\/p>\n<p>Marais Gauquier 53 &#8211; 7911 Frasnes-lez-Anvaing<\/p>\n<p>T\u00e9l: +32(0)474 722 798<\/p>\n<p>lesjardinsdugauquier@gmail.com<\/p>\n<p><a href=\"http:\/\/www.acoqueline.be\" target=\"_blank\" rel=\"noopener noreferrer\"><strong>A Coque\u2019Line<\/strong><\/a><\/p>\n<p>Coquer\u00e9aumont 25 &#8211; 7911 Frasnes-lez-Anvaing<\/p>\n<p>T\u00e9l: +32(0)494 58 80 31<\/p>\n<p>info@acoqueline.be<\/p>\n<p><a href=\"http:\/\/www.ochato.be\" target=\"_blank\" rel=\"noopener noreferrer\"><strong>Ochato<\/strong><\/a><\/p>\n<p>Rue Bous\u00e9e 1 &#8211; 7911 Frasnes-lez-Anvaing<\/p>\n<p>T\u00e9l: +32(0)68 28 75 21<\/p>\n<p>sven@ochato.be<\/p>\n<p><a href=\"http:\/\/www.chateau-bagatelle.com\" target=\"_blank\" rel=\"noopener noreferrer\"><strong>Le Ch\u00e2teau Bagatelle<\/strong><\/a><\/p>\n<p>Chauss\u00e9e de Tournai 29 &#8211; 7910 Frasnes-lez-Anvaing<\/p>\n<p>T\u00e9l: +32(0)497 63 09 56<\/p>\n<p>contact@chateau-bagatelle.com<\/p>\n<p><a href=\"http:\/\/www.lafoliedebrie.com\" target=\"_blank\" rel=\"noopener noreferrer\"><strong>La Folie De Brie<\/strong><\/a><\/p>\n<p>Rue de la Folie 11 &#8211; 7911 Frasnes-lez-Anvaing<\/p>\n<p>T\u00e9l: +32(0)494 06 54 10<\/p>\n<p>lafoliedebrie@gmail.com<\/p>\n<p><a href=\"https:\/\/www.facebook.com\/p\/Ferme-du-Charme-100057334755326\/\"><strong>Ferme du Charme<\/strong><\/a><\/p>\n<p>Rue des Ecoles 50 &#8211; 7911 Frasnes-lez-Anvaing<\/p>\n<p>T\u00e9l: +32(0)485 12 59 03<\/p>\n<p>fermeducharme@gmail.com<\/p>\n<p><a href=\"http:\/\/www.lapetitecourbe.be\" target=\"_blank\" rel=\"noopener noreferrer\"><strong>Gite du Clos<\/strong><\/a><\/p>\n<p>Rue Delcourbe 1b &#8211; 7910 Frasnes-lez-Anvaing<\/p>\n<p>T\u00e9l: +32(0)475 24 71 40<\/p>\n<p>info@lapetitecourbe.be<\/p>\n<p><a href=\"http:\/\/www.easytempo.be\" target=\"_blank\" rel=\"noopener noreferrer\"><strong>Easy Tempo<\/strong><\/a><\/p>\n<p>Rue des Pommiers 2 &#8211; 7911 Frasnes-lez-Anvaing<\/p>\n<p>T\u00e9l: +32(0)475 72 01 33<\/p>\n<p>hawaerts.g.gar@skynet.be<\/p>\n<p><a href=\"http:\/\/www.lapetiteroulotte.be\" target=\"_blank\" rel=\"noopener noreferrer\"><strong>la petite Roulotte au Pied du tilleul<\/strong><\/a><\/p>\n<p>Place Verte 7 &#8211; 7910 Frasnes-lez-Anvaing<\/p>\n<p>T\u00e9l: +32(0)491 43 38 38<\/p>\n<p>info@lapetiteroulotte.be<\/p>\n<p><a href=\"http:\/\/www.rieudumoulin.be\" target=\"_blank\" rel=\"noopener noreferrer\"><strong>Le Rieu du Moulin<\/strong><\/a><\/p>\n<p>Mont Saint-Laurent 18 &#8211; 7912 Frasnes-lez-Anvaing<\/p>\n<p>T\u00e9l: +32(0)69 76 89 51 &#8211; +32(0)475 60 61 05<\/p>\n<p>info@rieudumoulin.be<\/p>\n<p><a href=\"http:\/\/www.alterego-paysdescollines.com\" target=\"_blank\" rel=\"noopener noreferrer\"><strong>Alter Ego<\/strong><\/a><\/p>\n<p>Rue Caluy\u00e8res 5 &#8211; 7911 Frasnes-lez-Anvaing<\/p>\n<p>T\u00e9l : +32 (0)489 80 94 90<\/p>\n<p>info@sejour-alterego.com<\/p>\n<p><a href=\"http:\/\/www.alterego-paysdescollines.com\" target=\"_blank\" rel=\"noopener noreferrer\"><strong>La janaie<\/strong><\/a><\/p>\n<p>Rue de Mortagne, 16 &#8211; 7910 Frasnes-lez-Anvaing<\/p>\n<p>T\u00e9l : +32 (0)474 72 30 46<\/p>\n<p>bataille@gmail.com<\/p>\n<p><a href=\"http:\/\/www.entremareetchene.com\" target=\"_blank\" rel=\"noopener noreferrer\"><strong>entre mare et ch\u00eane<\/strong><\/a><\/p>\n<p>Chemin d\u2019Ellignies 54 &#8211; 7910 Frasnes-lez-Anvaing<\/p>\n<p>T\u00e9l : +32 (0)473 45 46 14<\/p>\n<p>info@entre-mare-et-chene.be<\/p>\n<p><a href=\"http:\/\/www.villa-les-hauts.be\" target=\"_blank\" rel=\"noopener noreferrer\"><strong>Villa les Hauts<\/strong><\/a><\/p>\n<p>Rue des Vertes Feuilles 9 &#8211; 7912 Frasnes-lez-Anvaing<\/p>\n<p>T\u00e9l: +32(0)495 27 92 82<\/p>\n<p>contact@villa-les-hauts.be<\/p>\n<p><a href=\"http:\/\/www.gitesdewallonie.be\/hebergement\/rural-gite\/frasnes-lez-anvaing\" target=\"_blank\" rel=\"noopener noreferrer\"><strong>Les Sentes<\/strong><\/a><\/p>\n<p>Rue des Romains 12 &#8211; 7911 Frasnes-lez-Anvaing<\/p>\n<p>T\u00e9l: +32(0)69 86 68 45<\/p>\n<p>etienne.dupret@skynet.be<\/p>\n<p><a href=\"http:\/\/www.roulotteettabledhote.wixsite.com\/frasnes\" target=\"_blank\" rel=\"noopener noreferrer\"><strong>La roulotte de Framboise<\/strong><\/a><\/p>\n<p>Grandrieu 42 &#8211; 7911 Frasnes-lez-Anvaing<\/p>\n<p>T\u00e9l: +32(0)474 88 72 58<\/p>\n<p>francoisedelmotte@hotmail.com<\/p>\n<p><strong>Les gramin\u00e9es<\/strong><\/p>\n<p>Route d\u2019Anvaing 21 &#8211; 7910 Frasnes-lez-Anvaing<\/p>\n<p>T\u00e9l: +32(0)472 57 70 95<\/p>\n<p>elisabethpaccou@hotmail.com<\/p>\n<p><a href=\"http:\/\/www.viip.be\" target=\"_blank\" rel=\"noopener noreferrer\"><strong>VIIP : La ferme D\u00e9fli\u00e8re<\/strong><\/a><\/p>\n<p>Rue D\u00e9fli\u00e8re &#8211; 7912 Frasnes-lez-Anvaing<\/p>\n<p>Contact : Braamakkerstraat 53 &#8211; 8540 Deerlijk<\/p>\n<p>T\u00e9l: +32(0)56 64 68 64<\/p>\n<p><a href=\"http:\/\/www.gite-eul-cat-huant.business.site\" target=\"_blank\" rel=\"noopener noreferrer\"><strong>Eul cat huant<\/strong><\/a><\/p>\n<p>Lableau 27 &#8211; 7912 Frasnes-lez-Anvaing<\/p>\n<p>T\u00e9l: +32(0)498 77 74 75<\/p>\n<p>eul.cat.huant@gmail.com<\/p>\n<p><strong>La ferme de mianvaing<\/strong><\/p>\n<p>Rue Mianvaing 2 &#8211; 7911 Frasnes-lez-Anvaing<\/p>\n<p>T\u00e9l: +32(0)69 87 50 65 \/ +32(0)475 46 34 72<\/p>\n<p>pierre_bourdeaudhuy@hotmail.com<\/p>\n<p><strong>Les Hauts des Collines<\/strong><\/p>\n<p>Rue Bous\u00e9e 2 &#8211; 7911 Frasnes-lez-Anvaing<\/p>\n<p>T\u00e9l: +32(0)492 73 94 58<\/p>\n<p><a href=\"http:\/\/www.lapetitecourbe.be\" target=\"_blank\" rel=\"noopener noreferrer\"><strong>Gite de l\u2019Etang<\/strong><\/a><\/p>\n<p>Rue Delcourbe 1c &#8211; 7910 Frasnes-lez-Anvaing<\/p>\n<p>T\u00e9l: +32(0)475\u00a0 24 71 40<\/p>\n<p>info@lapetitecourbe.be<\/p>\n<p><a href=\"http:\/\/www.censederigaux.be\" target=\"_blank\" rel=\"noopener noreferrer\"><strong>Cense de Rigaux<\/strong><\/a><\/p>\n<p>Chauss\u00e9e de la Lib\u00e9ration 44a &#8211; 7910 Frasnes-lez-Anvaing<\/p>\n<p>+32(0)69 85 94 49<\/p>\n<p>info@censederigaux.be<\/p>\n<p><a href=\"http:\/\/www.arc-en-collines.be\" target=\"_blank\" rel=\"noopener noreferrer\"><strong>Arc en Collines<\/strong><\/a><\/p>\n<p>Rue Hergibette 12 &#8211; 7910 Frasnes-lez-Anvaing<\/p>\n<p>drk.haute@ioud.om<\/p>\n<p><strong>MMG Home<\/strong><\/p>\n<p>Rue des Blancs Arbres 9 &#8211; 7911 Frasnes-lez-Anvaing<\/p>\n<p>T\u00e9l: +32(0)470 10 71 76<\/p>\n<p>info@mmghome.be<\/p>\n<p><a href=\"http:\/\/airbnb.com\/h\/lamaisoncolline\" target=\"_blank\" rel=\"noopener noreferrer\"><strong>La maison collines<\/strong><\/a><\/p>\n<p>Rue Grinquier 6 &#8211; 7910 Frasnes-lez-Anvaing<\/p>\n<p>T\u00e9l: +32(0)473 31 24 17<\/p>\n<p>verkinderensabine@gmail.com<\/p>\n<p>instagram.com\/la_maison_colline<\/p>\n<p><img decoding=\"async\" loading=\"lazy\" class=\"alignnone size-medium wp-image-520\" src=\"http:\/\/lesentierdelamour.be\/wp-content\/uploads\/2023\/02\/D\u00e9pliant-g\u00eete-300x213.jpg\" alt=\"\" width=\"300\" height=\"213\" srcset=\"https:\/\/lesentierdelamour.be\/wp-content\/uploads\/2023\/02\/D\u00e9pliant-g\u00eete-300x213.jpg 300w, https:\/\/lesentierdelamour.be\/wp-content\/uploads\/2023\/02\/D\u00e9pliant-g\u00eete-768x545.jpg 768w, https:\/\/lesentierdelamour.be\/wp-content\/uploads\/2023\/02\/D\u00e9pliant-g\u00eete-1024x727.jpg 1024w\" sizes=\"(max-width: 300px) 100vw, 300px\" \/><\/p>\n","protected":false},"excerpt":{"rendered":"<p>Voici la liste des g\u00eetes de Frasnes-Lez-Anvaing.\u00a0 Pour plus de d\u00e9tails, n&rsquo;h\u00e9sitez pas \u00e0 cliquer sur le lien ou \u00e0 prendre connaissance des informations g\u00e9n\u00e9rales sur le document (pas encore tr\u00e8s lisible) tout en dessous et qui est disponible en version papier dans chaque \u00e9tablissement ! l&rsquo;Abri dela Chouette Buissenal,<a href=\"https:\/\/lesentierdelamour.be\/index.php\/hebergements\/\" class=\"read-more\">Read More<\/a><\/p>\n","protected":false},"author":1,"featured_media":0,"parent":0,"menu_order":7,"comment_status":"closed","ping_status":"closed","template":"","meta":[],"_links":{"self":[{"href":"https:\/\/lesentierdelamour.be\/index.php\/wp-json\/wp\/v2\/pages\/516"}],"collection":[{"href":"https:\/\/lesentierdelamour.be\/index.php\/wp-json\/wp\/v2\/pages"}],"about":[{"href":"https:\/\/lesentierdelamour.be\/index.php\/wp-json\/wp\/v2\/types\/page"}],"author":[{"embeddable":true,"href":"https:\/\/lesentierdelamour.be\/index.php\/wp-json\/wp\/v2\/users\/1"}],"replies":[{"embeddable":true,"href":"https:\/\/lesentierdelamour.be\/index.php\/wp-json\/wp\/v2\/comments?post=516"}],"version-history":[{"count":13,"href":"https:\/\/lesentierdelamour.be\/index.php\/wp-json\/wp\/v2\/pages\/516\/revisions"}],"predecessor-version":[{"id":537,"href":"https:\/\/lesentierdelamour.be\/index.php\/wp-json\/wp\/v2\/pages\/516\/revisions\/537"}],"wp:attachment":[{"href":"https:\/\/lesentierdelamour.be\/index.php\/wp-json\/wp\/v2\/media?parent=516"}],"curies":[{"name":"wp","href":"https:\/\/api.w.org\/{rel}","templated":true}]}}