{"id":541,"date":"2024-05-19T06:02:32","date_gmt":"2024-05-19T05:02:32","guid":{"rendered":"http:\/\/lesentierdelamour.be\/?page_id=541"},"modified":"2024-05-19T06:34:08","modified_gmt":"2024-05-19T05:34:08","slug":"unbreakable","status":"publish","type":"page","link":"https:\/\/lesentierdelamour.be\/index.php\/nos-oeuvres\/unbreakable\/","title":{"rendered":"Unbreakable"},"content":{"rendered":"<p>Ce projet artistique explore la complexit\u00e9 de la durabilit\u00e9 au sein du couple.\u00a0 L&rsquo;oeuvre, un bloc de b\u00e9ton, incarne la stabilit\u00e9.\u00a0 Au coeur de ce bloc, une phrase en aluminium contraste avec la rugosit\u00e9 de son environnement.\u00a0 Elle symbolise les promesses et l&rsquo;effervescence des d\u00e9buts d&rsquo;une relation amoureuse.<\/p>\n<p>Le b\u00e9ton va se transformer, se d\u00e9grader lentement, symbolisant les \u00e9preuves et les blessures.<\/p>\n<p>Pourtant, le bloc de b\u00e9ton restera solide.\u00a0 Cela repr\u00e9sente cette base sur laquelle le couple peut toujours s&rsquo;appuyer, m\u00eame si les mots et promesses se seront estomp\u00e9es.<\/p>\n","protected":false},"excerpt":{"rendered":"<p>Ce projet artistique explore la complexit\u00e9 de la durabilit\u00e9 au sein du couple.\u00a0 L&rsquo;oeuvre, un bloc de b\u00e9ton, incarne la stabilit\u00e9.\u00a0 Au coeur de ce bloc, une phrase en aluminium contraste avec la rugosit\u00e9 de son environnement.\u00a0 Elle symbolise les promesses et l&rsquo;effervescence des d\u00e9buts d&rsquo;une relation amoureuse. Le b\u00e9ton<a href=\"https:\/\/lesentierdelamour.be\/index.php\/nos-oeuvres\/unbreakable\/\" class=\"read-more\">Read More<\/a><\/p>\n","protected":false},"author":1,"featured_media":0,"parent":7,"menu_order":0,"comment_status":"closed","ping_status":"closed","template":"","meta":[],"_links":{"self":[{"href":"https:\/\/lesentierdelamour.be\/index.php\/wp-json\/wp\/v2\/pages\/541"}],"collection":[{"href":"https:\/\/lesentierdelamour.be\/index.php\/wp-json\/wp\/v2\/pages"}],"about":[{"href":"https:\/\/lesentierdelamour.be\/index.php\/wp-json\/wp\/v2\/types\/page"}],"author":[{"embeddable":true,"href":"https:\/\/lesentierdelamour.be\/index.php\/wp-json\/wp\/v2\/users\/1"}],"replies":[{"embeddable":true,"href":"https:\/\/lesentierdelamour.be\/index.php\/wp-json\/wp\/v2\/comments?post=541"}],"version-history":[{"count":1,"href":"https:\/\/lesentierdelamour.be\/index.php\/wp-json\/wp\/v2\/pages\/541\/revisions"}],"predecessor-version":[{"id":542,"href":"https:\/\/lesentierdelamour.be\/index.php\/wp-json\/wp\/v2\/pages\/541\/revisions\/542"}],"up":[{"embeddable":true,"href":"https:\/\/lesentierdelamour.be\/index.php\/wp-json\/wp\/v2\/pages\/7"}],"wp:attachment":[{"href":"https:\/\/lesentierdelamour.be\/index.php\/wp-json\/wp\/v2\/media?parent=541"}],"curies":[{"name":"wp","href":"https:\/\/api.w.org\/{rel}","templated":true}]}}