{"id":547,"date":"2024-05-19T06:12:53","date_gmt":"2024-05-19T05:12:53","guid":{"rendered":"http:\/\/lesentierdelamour.be\/?page_id=547"},"modified":"2024-05-19T06:33:49","modified_gmt":"2024-05-19T05:33:49","slug":"selfie","status":"publish","type":"page","link":"https:\/\/lesentierdelamour.be\/index.php\/nos-oeuvres\/selfie\/","title":{"rendered":"Selfie"},"content":{"rendered":"<p>Le totem \u00ab\u00a0Selfie\u00a0\u00bb est une installation sobre, discr\u00e8te et fonctionnelle.\u00a0 Le principe est simple : installez votre t\u00e9l\u00e9phone dans une des encoches et prenez-vous en photo en activant le retardateur de votre smartphone.<\/p>\n<p>Les diff\u00e9rentes encoches permettent des prises de vue en plong\u00e9, \u00e0 niveau et contre-plong\u00e9.\u00a0 une encoche est pr\u00e9vue pour les personnes \u00e0 mobilit\u00e9 r\u00e9duite.<\/p>\n<p>Partagez votre exp\u00e9rience via l&rsquo;hastag #lesentierdelamour sur les r\u00e9seaux sociaux !<\/p>\n","protected":false},"excerpt":{"rendered":"<p>Le totem \u00ab\u00a0Selfie\u00a0\u00bb est une installation sobre, discr\u00e8te et fonctionnelle.\u00a0 Le principe est simple : installez votre t\u00e9l\u00e9phone dans une des encoches et prenez-vous en photo en activant le retardateur de votre smartphone. Les diff\u00e9rentes encoches permettent des prises de vue en plong\u00e9, \u00e0 niveau et contre-plong\u00e9.\u00a0 une encoche est<a href=\"https:\/\/lesentierdelamour.be\/index.php\/nos-oeuvres\/selfie\/\" class=\"read-more\">Read More<\/a><\/p>\n","protected":false},"author":1,"featured_media":0,"parent":7,"menu_order":0,"comment_status":"closed","ping_status":"closed","template":"","meta":[],"_links":{"self":[{"href":"https:\/\/lesentierdelamour.be\/index.php\/wp-json\/wp\/v2\/pages\/547"}],"collection":[{"href":"https:\/\/lesentierdelamour.be\/index.php\/wp-json\/wp\/v2\/pages"}],"about":[{"href":"https:\/\/lesentierdelamour.be\/index.php\/wp-json\/wp\/v2\/types\/page"}],"author":[{"embeddable":true,"href":"https:\/\/lesentierdelamour.be\/index.php\/wp-json\/wp\/v2\/users\/1"}],"replies":[{"embeddable":true,"href":"https:\/\/lesentierdelamour.be\/index.php\/wp-json\/wp\/v2\/comments?post=547"}],"version-history":[{"count":1,"href":"https:\/\/lesentierdelamour.be\/index.php\/wp-json\/wp\/v2\/pages\/547\/revisions"}],"predecessor-version":[{"id":548,"href":"https:\/\/lesentierdelamour.be\/index.php\/wp-json\/wp\/v2\/pages\/547\/revisions\/548"}],"up":[{"embeddable":true,"href":"https:\/\/lesentierdelamour.be\/index.php\/wp-json\/wp\/v2\/pages\/7"}],"wp:attachment":[{"href":"https:\/\/lesentierdelamour.be\/index.php\/wp-json\/wp\/v2\/media?parent=547"}],"curies":[{"name":"wp","href":"https:\/\/api.w.org\/{rel}","templated":true}]}}