{"id":550,"date":"2024-05-19T06:17:00","date_gmt":"2024-05-19T05:17:00","guid":{"rendered":"http:\/\/lesentierdelamour.be\/?page_id=550"},"modified":"2024-05-19T06:32:55","modified_gmt":"2024-05-19T05:32:55","slug":"cage-de-cupidon","status":"publish","type":"page","link":"https:\/\/lesentierdelamour.be\/index.php\/nos-oeuvres\/cage-de-cupidon\/","title":{"rendered":"La Cage de Cupidon"},"content":{"rendered":"<p>A travers ce projet, les jeunes cr\u00e9ateurs ont cherch\u00e9 \u00e0 rapprocher les couples.\u00a0 En invitant les partenaires \u00e0 entrer dans un cocon d\u00e9licat de par ses mat\u00e9riaux et sa structure aux formes rondes, ils offrent une bulle qu&rsquo;ils sont libres de s&rsquo;approprier le temps d&rsquo;un instant.<\/p>\n<p>Les cordes donnent au couple une certaine intimit\u00e9 tout en laissant passer la lumi\u00e8re, leur permettant de s&rsquo;oublier dans les noeuds de macram\u00e9, avant de red\u00e9poser le regard enivr\u00e9 sur son\/sa dulcin\u00e9.e<\/p>\n","protected":false},"excerpt":{"rendered":"<p>A travers ce projet, les jeunes cr\u00e9ateurs ont cherch\u00e9 \u00e0 rapprocher les couples.\u00a0 En invitant les partenaires \u00e0 entrer dans un cocon d\u00e9licat de par ses mat\u00e9riaux et sa structure aux formes rondes, ils offrent une bulle qu&rsquo;ils sont libres de s&rsquo;approprier le temps d&rsquo;un instant. Les cordes donnent au<a href=\"https:\/\/lesentierdelamour.be\/index.php\/nos-oeuvres\/cage-de-cupidon\/\" class=\"read-more\">Read More<\/a><\/p>\n","protected":false},"author":1,"featured_media":0,"parent":7,"menu_order":0,"comment_status":"closed","ping_status":"closed","template":"","meta":[],"_links":{"self":[{"href":"https:\/\/lesentierdelamour.be\/index.php\/wp-json\/wp\/v2\/pages\/550"}],"collection":[{"href":"https:\/\/lesentierdelamour.be\/index.php\/wp-json\/wp\/v2\/pages"}],"about":[{"href":"https:\/\/lesentierdelamour.be\/index.php\/wp-json\/wp\/v2\/types\/page"}],"author":[{"embeddable":true,"href":"https:\/\/lesentierdelamour.be\/index.php\/wp-json\/wp\/v2\/users\/1"}],"replies":[{"embeddable":true,"href":"https:\/\/lesentierdelamour.be\/index.php\/wp-json\/wp\/v2\/comments?post=550"}],"version-history":[{"count":1,"href":"https:\/\/lesentierdelamour.be\/index.php\/wp-json\/wp\/v2\/pages\/550\/revisions"}],"predecessor-version":[{"id":551,"href":"https:\/\/lesentierdelamour.be\/index.php\/wp-json\/wp\/v2\/pages\/550\/revisions\/551"}],"up":[{"embeddable":true,"href":"https:\/\/lesentierdelamour.be\/index.php\/wp-json\/wp\/v2\/pages\/7"}],"wp:attachment":[{"href":"https:\/\/lesentierdelamour.be\/index.php\/wp-json\/wp\/v2\/media?parent=550"}],"curies":[{"name":"wp","href":"https:\/\/api.w.org\/{rel}","templated":true}]}}