{"id":553,"date":"2024-05-19T06:19:49","date_gmt":"2024-05-19T05:19:49","guid":{"rendered":"http:\/\/lesentierdelamour.be\/?page_id=553"},"modified":"2024-05-19T06:32:39","modified_gmt":"2024-05-19T05:32:39","slug":"approche","status":"publish","type":"page","link":"https:\/\/lesentierdelamour.be\/index.php\/nos-oeuvres\/approche\/","title":{"rendered":"Approche"},"content":{"rendered":"<p>Approche est un banc sculpt\u00e9 dans un tronc de fr\u00eane.\u00a0 Il sollicite les marcheurs \u00e0 faire une halte au coeur de la nature et \u00e0 l&rsquo;abris des regards.<\/p>\n<p>Les extr\u00eamit\u00e9s inconfortables du banc incitent les destin\u00e9s \u00e0 se rapprocher en son creux.<\/p>\n","protected":false},"excerpt":{"rendered":"<p>Approche est un banc sculpt\u00e9 dans un tronc de fr\u00eane.\u00a0 Il sollicite les marcheurs \u00e0 faire une halte au coeur de la nature et \u00e0 l&rsquo;abris des regards. Les extr\u00eamit\u00e9s inconfortables du banc incitent les destin\u00e9s \u00e0 se rapprocher en son creux.<\/p>\n","protected":false},"author":1,"featured_media":0,"parent":7,"menu_order":0,"comment_status":"closed","ping_status":"closed","template":"","meta":[],"_links":{"self":[{"href":"https:\/\/lesentierdelamour.be\/index.php\/wp-json\/wp\/v2\/pages\/553"}],"collection":[{"href":"https:\/\/lesentierdelamour.be\/index.php\/wp-json\/wp\/v2\/pages"}],"about":[{"href":"https:\/\/lesentierdelamour.be\/index.php\/wp-json\/wp\/v2\/types\/page"}],"author":[{"embeddable":true,"href":"https:\/\/lesentierdelamour.be\/index.php\/wp-json\/wp\/v2\/users\/1"}],"replies":[{"embeddable":true,"href":"https:\/\/lesentierdelamour.be\/index.php\/wp-json\/wp\/v2\/comments?post=553"}],"version-history":[{"count":1,"href":"https:\/\/lesentierdelamour.be\/index.php\/wp-json\/wp\/v2\/pages\/553\/revisions"}],"predecessor-version":[{"id":554,"href":"https:\/\/lesentierdelamour.be\/index.php\/wp-json\/wp\/v2\/pages\/553\/revisions\/554"}],"up":[{"embeddable":true,"href":"https:\/\/lesentierdelamour.be\/index.php\/wp-json\/wp\/v2\/pages\/7"}],"wp:attachment":[{"href":"https:\/\/lesentierdelamour.be\/index.php\/wp-json\/wp\/v2\/media?parent=553"}],"curies":[{"name":"wp","href":"https:\/\/api.w.org\/{rel}","templated":true}]}}