{"id":556,"date":"2024-05-19T06:24:18","date_gmt":"2024-05-19T05:24:18","guid":{"rendered":"http:\/\/lesentierdelamour.be\/?page_id=556"},"modified":"2024-05-19T06:33:31","modified_gmt":"2024-05-19T05:33:31","slug":"soul-mate","status":"publish","type":"page","link":"https:\/\/lesentierdelamour.be\/index.php\/nos-oeuvres\/soul-mate\/","title":{"rendered":"Soul Mate"},"content":{"rendered":"<p>Le projet Soul Mate vise \u00e0 mettre en \u00e9vidence la relation entre deux \u00e2mes soeurs de mani\u00e8re tangible.\u00a0 Ces \u00e2mes soeurs sont comme deux balanciers compl\u00e9mentaires, chacun \u00e9tant d&rsquo;une couleur oppos\u00e9e sp\u00e9cialement choisie pour nous rappeler la phrase \u00a0\u00bb Nos contraires s&rsquo;attirent\u00a0\u00bb.<\/p>\n<p>Lorsque l&rsquo;un des balanciers se d\u00e9place dans une direction, l&rsquo;autre le suit sans m\u00eame se toucher,<\/p>\n<p>Suivant ainsi le dicton \u00ab\u00a0fuis-moi, je te suis, suis-moi, je te fuis \u00a0\u00bb<\/p>\n<p>De l&rsquo;ombre \u00e0 la lumi\u00e8re, nos \u00e2mes soeurs s&#8217;embrassent.<\/p>\n","protected":false},"excerpt":{"rendered":"<p>Le projet Soul Mate vise \u00e0 mettre en \u00e9vidence la relation entre deux \u00e2mes soeurs de mani\u00e8re tangible.\u00a0 Ces \u00e2mes soeurs sont comme deux balanciers compl\u00e9mentaires, chacun \u00e9tant d&rsquo;une couleur oppos\u00e9e sp\u00e9cialement choisie pour nous rappeler la phrase \u00a0\u00bb Nos contraires s&rsquo;attirent\u00a0\u00bb. Lorsque l&rsquo;un des balanciers se d\u00e9place dans une<a href=\"https:\/\/lesentierdelamour.be\/index.php\/nos-oeuvres\/soul-mate\/\" class=\"read-more\">Read More<\/a><\/p>\n","protected":false},"author":1,"featured_media":0,"parent":7,"menu_order":0,"comment_status":"closed","ping_status":"closed","template":"","meta":[],"_links":{"self":[{"href":"https:\/\/lesentierdelamour.be\/index.php\/wp-json\/wp\/v2\/pages\/556"}],"collection":[{"href":"https:\/\/lesentierdelamour.be\/index.php\/wp-json\/wp\/v2\/pages"}],"about":[{"href":"https:\/\/lesentierdelamour.be\/index.php\/wp-json\/wp\/v2\/types\/page"}],"author":[{"embeddable":true,"href":"https:\/\/lesentierdelamour.be\/index.php\/wp-json\/wp\/v2\/users\/1"}],"replies":[{"embeddable":true,"href":"https:\/\/lesentierdelamour.be\/index.php\/wp-json\/wp\/v2\/comments?post=556"}],"version-history":[{"count":1,"href":"https:\/\/lesentierdelamour.be\/index.php\/wp-json\/wp\/v2\/pages\/556\/revisions"}],"predecessor-version":[{"id":557,"href":"https:\/\/lesentierdelamour.be\/index.php\/wp-json\/wp\/v2\/pages\/556\/revisions\/557"}],"up":[{"embeddable":true,"href":"https:\/\/lesentierdelamour.be\/index.php\/wp-json\/wp\/v2\/pages\/7"}],"wp:attachment":[{"href":"https:\/\/lesentierdelamour.be\/index.php\/wp-json\/wp\/v2\/media?parent=556"}],"curies":[{"name":"wp","href":"https:\/\/api.w.org\/{rel}","templated":true}]}}