{"id":559,"date":"2024-05-19T06:30:21","date_gmt":"2024-05-19T05:30:21","guid":{"rendered":"http:\/\/lesentierdelamour.be\/?page_id=559"},"modified":"2024-05-19T06:32:18","modified_gmt":"2024-05-19T05:32:18","slug":"des-phrases-damour","status":"publish","type":"page","link":"https:\/\/lesentierdelamour.be\/index.php\/nos-oeuvres\/des-phrases-damour\/","title":{"rendered":"Des phrases d&rsquo;amour"},"content":{"rendered":"<p>Nous avons diss\u00e9min\u00e9 sur le parcours des phrases courtes en plusieurs langues.\u00a0 Ce sont les \u00e9l\u00e8ves de l&rsquo;Ath\u00e9n\u00e9e Royal d&rsquo;Anvaing, \u00e9cole en immersion linguistique, qui ont particip\u00e9 \u00e0 ce projet original et inspirant.\u00a0 Elles expriment leur vision de l&rsquo;amour ; les \u00e9l\u00e8ves ont pris plaisir \u00e0 \u00e9crire ces phrases personnelles et originales sur un th\u00e8me qui leur tient \u00e0 coeur.<\/p>\n<p>Tout en exprimant leurs \u00e9motions, les \u00e9l\u00e8ves ont mis en pratique leurs connaissances dans les langues : fran\u00e7ais, n\u00e9erlandais et anglais.<\/p>\n","protected":false},"excerpt":{"rendered":"<p>Nous avons diss\u00e9min\u00e9 sur le parcours des phrases courtes en plusieurs langues.\u00a0 Ce sont les \u00e9l\u00e8ves de l&rsquo;Ath\u00e9n\u00e9e Royal d&rsquo;Anvaing, \u00e9cole en immersion linguistique, qui ont particip\u00e9 \u00e0 ce projet original et inspirant.\u00a0 Elles expriment leur vision de l&rsquo;amour ; les \u00e9l\u00e8ves ont pris plaisir \u00e0 \u00e9crire ces phrases personnelles<a href=\"https:\/\/lesentierdelamour.be\/index.php\/nos-oeuvres\/des-phrases-damour\/\" class=\"read-more\">Read More<\/a><\/p>\n","protected":false},"author":1,"featured_media":0,"parent":7,"menu_order":0,"comment_status":"closed","ping_status":"closed","template":"","meta":[],"_links":{"self":[{"href":"https:\/\/lesentierdelamour.be\/index.php\/wp-json\/wp\/v2\/pages\/559"}],"collection":[{"href":"https:\/\/lesentierdelamour.be\/index.php\/wp-json\/wp\/v2\/pages"}],"about":[{"href":"https:\/\/lesentierdelamour.be\/index.php\/wp-json\/wp\/v2\/types\/page"}],"author":[{"embeddable":true,"href":"https:\/\/lesentierdelamour.be\/index.php\/wp-json\/wp\/v2\/users\/1"}],"replies":[{"embeddable":true,"href":"https:\/\/lesentierdelamour.be\/index.php\/wp-json\/wp\/v2\/comments?post=559"}],"version-history":[{"count":1,"href":"https:\/\/lesentierdelamour.be\/index.php\/wp-json\/wp\/v2\/pages\/559\/revisions"}],"predecessor-version":[{"id":560,"href":"https:\/\/lesentierdelamour.be\/index.php\/wp-json\/wp\/v2\/pages\/559\/revisions\/560"}],"up":[{"embeddable":true,"href":"https:\/\/lesentierdelamour.be\/index.php\/wp-json\/wp\/v2\/pages\/7"}],"wp:attachment":[{"href":"https:\/\/lesentierdelamour.be\/index.php\/wp-json\/wp\/v2\/media?parent=559"}],"curies":[{"name":"wp","href":"https:\/\/api.w.org\/{rel}","templated":true}]}}