{"id":7,"date":"2016-03-14T20:37:04","date_gmt":"2016-03-14T19:37:04","guid":{"rendered":"http:\/\/lesentierdelamour.be\/?page_id=7"},"modified":"2024-05-19T06:31:01","modified_gmt":"2024-05-19T05:31:01","slug":"nos-oeuvres","status":"publish","type":"page","link":"https:\/\/lesentierdelamour.be\/index.php\/nos-oeuvres\/","title":{"rendered":"Les oeuvres"},"content":{"rendered":"<div id=\"container\">\n<p><a href=\"http:\/\/lesentierdelamour.be\/index.php\/nos-oeuvres\/aupres-de-toi-toujours\/\">Aupr\u00e8s de toi, toujours<\/a><\/p>\n<p><a href=\"http:\/\/lesentierdelamour.be\/index.php\/nos-oeuvres\/duetto\/\">Duetto<\/a><\/p>\n<p><a href=\"http:\/\/lesentierdelamour.be\/index.php\/nos-oeuvres\/entre-coeur-ame\/\">Entre Coeur et \u00e2me<\/a><\/p>\n<p><a href=\"http:\/\/lesentierdelamour.be\/index.php\/nos-oeuvres\/amants-de-magritte\/\">Les Amants de Magritte<\/a><\/p>\n<p><a href=\"http:\/\/lesentierdelamour.be\/index.php\/nos-oeuvres\/les-messagers\/\">Les messagers<\/a><\/p>\n<p><a href=\"http:\/\/lesentierdelamour.be\/index.php\/nos-oeuvres\/ma-conquete\/\">Ma conqu\u00eate<\/a><\/p>\n<p><a href=\"http:\/\/lesentierdelamour.be\/index.php\/nos-oeuvres\/monsieur-et-madame\/\">Monsieur et Madame<\/a><\/p>\n<p><a href=\"http:\/\/lesentierdelamour.be\/index.php\/nos-oeuvres\/narcisse\/\">Narcisse<\/a><\/p>\n<p><a href=\"http:\/\/lesentierdelamour.be\/index.php\/nos-oeuvres\/quelques-mots-damour\/\">Quelques mots d&rsquo;amour<\/a><\/p>\n<p><a href=\"http:\/\/lesentierdelamour.be\/index.php\/nos-oeuvres\/voir-couple-a-linfini\/\">voir son couple \u00e0 l&rsquo;infini<\/a><\/p>\n<p><a href=\"http:\/\/lesentierdelamour.be\/index.php\/unbreakable\/\">New : Unbreakable<\/a><\/p>\n<p><a href=\"http:\/\/lesentierdelamour.be\/index.php\/love-love\/\">New : Love love<\/a><\/p>\n<p><a href=\"http:\/\/lesentierdelamour.be\/index.php\/selfie\/\">New : Selfie<\/a><\/p>\n<p><a href=\"http:\/\/lesentierdelamour.be\/index.php\/cage-de-cupidon\/\">New : la Cage de Cupidon<\/a><\/p>\n<p><a href=\"http:\/\/lesentierdelamour.be\/index.php\/approche\/\">New : Approche<\/a><\/p>\n<p><a href=\"http:\/\/lesentierdelamour.be\/index.php\/soul-mate\/\">New : Soul Mate<\/a><\/p>\n<p><a href=\"http:\/\/lesentierdelamour.be\/index.php\/des-phrases-damour\/\">New : des phrases d&rsquo;amour<\/a><\/p>\n<p>&nbsp;<\/p>\n<\/div>\n","protected":false},"excerpt":{"rendered":"<p>Aupr\u00e8s de toi, toujours Duetto Entre Coeur et \u00e2me Les Amants de Magritte Les messagers Ma conqu\u00eate Monsieur et Madame Narcisse Quelques mots d&rsquo;amour voir son couple \u00e0 l&rsquo;infini New : Unbreakable New : Love love New : Selfie New : la Cage de Cupidon New : Approche New :<a href=\"https:\/\/lesentierdelamour.be\/index.php\/nos-oeuvres\/\" class=\"read-more\">Read More<\/a><\/p>\n","protected":false},"author":1,"featured_media":0,"parent":0,"menu_order":2,"comment_status":"closed","ping_status":"closed","template":"","meta":[],"_links":{"self":[{"href":"https:\/\/lesentierdelamour.be\/index.php\/wp-json\/wp\/v2\/pages\/7"}],"collection":[{"href":"https:\/\/lesentierdelamour.be\/index.php\/wp-json\/wp\/v2\/pages"}],"about":[{"href":"https:\/\/lesentierdelamour.be\/index.php\/wp-json\/wp\/v2\/types\/page"}],"author":[{"embeddable":true,"href":"https:\/\/lesentierdelamour.be\/index.php\/wp-json\/wp\/v2\/users\/1"}],"replies":[{"embeddable":true,"href":"https:\/\/lesentierdelamour.be\/index.php\/wp-json\/wp\/v2\/comments?post=7"}],"version-history":[{"count":20,"href":"https:\/\/lesentierdelamour.be\/index.php\/wp-json\/wp\/v2\/pages\/7\/revisions"}],"predecessor-version":[{"id":561,"href":"https:\/\/lesentierdelamour.be\/index.php\/wp-json\/wp\/v2\/pages\/7\/revisions\/561"}],"wp:attachment":[{"href":"https:\/\/lesentierdelamour.be\/index.php\/wp-json\/wp\/v2\/media?parent=7"}],"curies":[{"name":"wp","href":"https:\/\/api.w.org\/{rel}","templated":true}]}}