{"id":89,"date":"2016-05-14T08:46:25","date_gmt":"2016-05-14T07:46:25","guid":{"rendered":"http:\/\/lesentierdelamour.be\/?page_id=89"},"modified":"2020-11-22T19:54:25","modified_gmt":"2020-11-22T18:54:25","slug":"aupres-de-toi-toujours","status":"publish","type":"page","link":"https:\/\/lesentierdelamour.be\/index.php\/nos-oeuvres\/aupres-de-toi-toujours\/","title":{"rendered":"Aupr\u00e8s de toi toujours"},"content":{"rendered":"<p>&nbsp;<\/p>\n<p>L&rsquo;amour au-del\u00e0 de la mort&#8230; c&rsquo;est ce que nous avons voulu repr\u00e9senter au cimeti\u00e8re. Les r\u00e9sines que nous avons cr\u00e9\u00e9es illustrent les pr\u00e9noms des couples qui se sont aim\u00e9s et sont enterr\u00e9s ici, ensemble.<br \/>\nIls ont fait le serment de s&rsquo;aimer pour toujours.<br \/>\nLa r\u00e9sine permet une derni\u00e8re fois de figer l&rsquo;amour que se portaient ces couples r\u00e9unis \u00e0 jamais.<\/p>\n<p>&nbsp;<\/p>\n<p><img decoding=\"async\" loading=\"lazy\" class=\"size-medium wp-image-95 alignright\" src=\"http:\/\/lesentierdelamour.be\/wp-content\/uploads\/2016\/05\/pr\u00e9nom-cimeti\u00e8re-web-300x212.jpg\" alt=\"pr\u00e9nom cimeti\u00e8re web\" width=\"300\" height=\"212\" srcset=\"https:\/\/lesentierdelamour.be\/wp-content\/uploads\/2016\/05\/pr\u00e9nom-cimeti\u00e8re-web-300x212.jpg 300w, https:\/\/lesentierdelamour.be\/wp-content\/uploads\/2016\/05\/pr\u00e9nom-cimeti\u00e8re-web.jpg 448w\" sizes=\"(max-width: 300px) 100vw, 300px\" \/><\/p>\n<p>&nbsp;<\/p>\n<p>Auteurs : Philippine Harb et Marie Isambourg, Stylisme de l&rsquo;objet de l&rsquo;ESA Saint-Luc Tournai.<\/p>\n<p><img decoding=\"async\" loading=\"lazy\" class=\"alignnone size-medium wp-image-94\" src=\"http:\/\/lesentierdelamour.be\/wp-content\/uploads\/2016\/05\/philippine-et-marie-web-300x200.jpg\" alt=\"philippine et marie web\" width=\"300\" height=\"200\" srcset=\"https:\/\/lesentierdelamour.be\/wp-content\/uploads\/2016\/05\/philippine-et-marie-web-300x200.jpg 300w, https:\/\/lesentierdelamour.be\/wp-content\/uploads\/2016\/05\/philippine-et-marie-web.jpg 448w\" sizes=\"(max-width: 300px) 100vw, 300px\" \/><\/p>\n<div id=\"sconnect-is-installed\" style=\"display: none;\">2.12.0.0<\/div>\n","protected":false},"excerpt":{"rendered":"<p>&nbsp; L&rsquo;amour au-del\u00e0 de la mort&#8230; c&rsquo;est ce que nous avons voulu repr\u00e9senter au cimeti\u00e8re. Les r\u00e9sines que nous avons cr\u00e9\u00e9es illustrent les pr\u00e9noms des couples qui se sont aim\u00e9s et sont enterr\u00e9s ici, ensemble. Ils ont fait le serment de s&rsquo;aimer pour toujours. La r\u00e9sine permet une derni\u00e8re fois<a href=\"https:\/\/lesentierdelamour.be\/index.php\/nos-oeuvres\/aupres-de-toi-toujours\/\" class=\"read-more\">Read More<\/a><\/p>\n","protected":false},"author":1,"featured_media":0,"parent":7,"menu_order":0,"comment_status":"closed","ping_status":"closed","template":"","meta":[],"_links":{"self":[{"href":"https:\/\/lesentierdelamour.be\/index.php\/wp-json\/wp\/v2\/pages\/89"}],"collection":[{"href":"https:\/\/lesentierdelamour.be\/index.php\/wp-json\/wp\/v2\/pages"}],"about":[{"href":"https:\/\/lesentierdelamour.be\/index.php\/wp-json\/wp\/v2\/types\/page"}],"author":[{"embeddable":true,"href":"https:\/\/lesentierdelamour.be\/index.php\/wp-json\/wp\/v2\/users\/1"}],"replies":[{"embeddable":true,"href":"https:\/\/lesentierdelamour.be\/index.php\/wp-json\/wp\/v2\/comments?post=89"}],"version-history":[{"count":6,"href":"https:\/\/lesentierdelamour.be\/index.php\/wp-json\/wp\/v2\/pages\/89\/revisions"}],"predecessor-version":[{"id":508,"href":"https:\/\/lesentierdelamour.be\/index.php\/wp-json\/wp\/v2\/pages\/89\/revisions\/508"}],"up":[{"embeddable":true,"href":"https:\/\/lesentierdelamour.be\/index.php\/wp-json\/wp\/v2\/pages\/7"}],"wp:attachment":[{"href":"https:\/\/lesentierdelamour.be\/index.php\/wp-json\/wp\/v2\/media?parent=89"}],"curies":[{"name":"wp","href":"https:\/\/api.w.org\/{rel}","templated":true}]}}