{"id":97,"date":"2016-05-14T09:04:33","date_gmt":"2016-05-14T08:04:33","guid":{"rendered":"http:\/\/lesentierdelamour.be\/?page_id=97"},"modified":"2016-05-14T09:04:33","modified_gmt":"2016-05-14T08:04:33","slug":"entre-coeur-ame","status":"publish","type":"page","link":"https:\/\/lesentierdelamour.be\/index.php\/nos-oeuvres\/entre-coeur-ame\/","title":{"rendered":"Entre Coeur et \u00e2me"},"content":{"rendered":"<p><img decoding=\"async\" loading=\"lazy\" class=\"size-medium wp-image-101 alignleft\" src=\"http:\/\/lesentierdelamour.be\/wp-content\/uploads\/2016\/05\/haie-coeur-web-300x212.jpg\" alt=\"haie coeur web\" width=\"300\" height=\"212\" srcset=\"https:\/\/lesentierdelamour.be\/wp-content\/uploads\/2016\/05\/haie-coeur-web-300x212.jpg 300w, https:\/\/lesentierdelamour.be\/wp-content\/uploads\/2016\/05\/haie-coeur-web.jpg 448w\" sizes=\"(max-width: 300px) 100vw, 300px\" \/>Ce mur v\u00e9g\u00e9tal perc\u00e9 de c\u0153urs naturels entre l\u2019entr\u00e9e de l\u2019\u00e9glise et les premi\u00e8res tombes du cimeti\u00e8re permet de structurer l\u2019espace et de cr\u00e9er un espace de recueillement.\u00a0 Le lierre a \u00e9t\u00e9 choisi car il est autonome mais surtout, dans le langage des plantes,\u00a0 il symbolise l&rsquo;attachement : l\u2019amour et l\u2019amiti\u00e9, le mariage et le lien ind\u00e9fectible avec le d\u00e9funt.<\/p>\n<p>Quand la haie sera form\u00e9e, les coeurs actuels seront d\u00e9coup\u00e9s dans la haie. \u00a0On peut imaginer y placer des messages rendant ainsi la haie plus vivante dans ce lieu o\u00f9 la mort c\u00f4toie la vie : entre Terre et Ciel !<\/p>\n<p>On doit cette oeuvre \u00e0 l&rsquo;artiste <a href=\"http:\/\/www.andrinople.be\/blog_caro\/\">Caroline L\u00e9ger<\/a>, subsidi\u00e9 par le <a href=\"https:\/\/www.cera.be\/fr\/\">CERA<\/a>\u00a0qui soutient des projets soci\u00e9taux.<\/p>\n<p><img decoding=\"async\" loading=\"lazy\" class=\"alignnone size-medium wp-image-100\" src=\"http:\/\/lesentierdelamour.be\/wp-content\/uploads\/2016\/05\/caroline-web-225x300.jpg\" alt=\"caroline web\" width=\"225\" height=\"300\" srcset=\"https:\/\/lesentierdelamour.be\/wp-content\/uploads\/2016\/05\/caroline-web-225x300.jpg 225w, https:\/\/lesentierdelamour.be\/wp-content\/uploads\/2016\/05\/caroline-web.jpg 336w\" sizes=\"(max-width: 225px) 100vw, 225px\" \/><\/p>\n","protected":false},"excerpt":{"rendered":"<p>Ce mur v\u00e9g\u00e9tal perc\u00e9 de c\u0153urs naturels entre l\u2019entr\u00e9e de l\u2019\u00e9glise et les premi\u00e8res tombes du cimeti\u00e8re permet de structurer l\u2019espace et de cr\u00e9er un espace de recueillement.\u00a0 Le lierre a \u00e9t\u00e9 choisi car il est autonome mais surtout, dans le langage des plantes,\u00a0 il symbolise l&rsquo;attachement : l\u2019amour et<a href=\"https:\/\/lesentierdelamour.be\/index.php\/nos-oeuvres\/entre-coeur-ame\/\" class=\"read-more\">Read More<\/a><\/p>\n","protected":false},"author":1,"featured_media":0,"parent":7,"menu_order":0,"comment_status":"closed","ping_status":"closed","template":"","meta":[],"_links":{"self":[{"href":"https:\/\/lesentierdelamour.be\/index.php\/wp-json\/wp\/v2\/pages\/97"}],"collection":[{"href":"https:\/\/lesentierdelamour.be\/index.php\/wp-json\/wp\/v2\/pages"}],"about":[{"href":"https:\/\/lesentierdelamour.be\/index.php\/wp-json\/wp\/v2\/types\/page"}],"author":[{"embeddable":true,"href":"https:\/\/lesentierdelamour.be\/index.php\/wp-json\/wp\/v2\/users\/1"}],"replies":[{"embeddable":true,"href":"https:\/\/lesentierdelamour.be\/index.php\/wp-json\/wp\/v2\/comments?post=97"}],"version-history":[{"count":2,"href":"https:\/\/lesentierdelamour.be\/index.php\/wp-json\/wp\/v2\/pages\/97\/revisions"}],"predecessor-version":[{"id":102,"href":"https:\/\/lesentierdelamour.be\/index.php\/wp-json\/wp\/v2\/pages\/97\/revisions\/102"}],"up":[{"embeddable":true,"href":"https:\/\/lesentierdelamour.be\/index.php\/wp-json\/wp\/v2\/pages\/7"}],"wp:attachment":[{"href":"https:\/\/lesentierdelamour.be\/index.php\/wp-json\/wp\/v2\/media?parent=97"}],"curies":[{"name":"wp","href":"https:\/\/api.w.org\/{rel}","templated":true}]}}